{"id":3811,"date":"2025-11-19T14:20:03","date_gmt":"2025-11-19T13:20:03","guid":{"rendered":"https:\/\/www.ro-ra.com\/?page_id=3811"},"modified":"2025-11-19T14:20:03","modified_gmt":"2025-11-19T13:20:03","slug":"hinweisgebersystem","status":"publish","type":"page","link":"https:\/\/www.ro-ra.com\/de\/hinweisgebersystem\/","title":{"rendered":"Hinweisgebersystem"},"content":{"rendered":"<div class=\"wpb-content-wrapper\"><p>[vc_row][vc_column][vc_column_text css=&#8220;&#8220;]<\/p>\n<h1 style=\"text-align: center;\">HINWEISGEBERSYSTEM<\/h1>\n<p>[\/vc_column_text][vc_column_text css=&#8220;&#8220;]Wir bei MinebeaMitsumi Europe legen gro\u00dfen Wert auf die Einhaltung von Gesetzen und ein Handeln, das von Integrit\u00e4t gepr\u00e4gt ist. F\u00fcr uns bedeutet Integrit\u00e4t, das Richtige zu tun, selbst wenn niemand zusieht.<\/p>\n<p>Unser Verhaltenskodex und Compliance Codex gelten f\u00fcr alle unsere Mitarbeitenden und dienen als Leitfaden f\u00fcr unser Verhalten. Sie bieten Orientierung im Hinblick auf zentrale Integrit\u00e4ts- und Rechtsfragen in unserem t\u00e4glichen Arbeitsalltag \u2013 sei es im Umgang mit Kollegen, Kunden, Lieferanten oder anderen Dritten.<\/p>\n<p>F\u00fcr unsere Mitarbeitenden, Kunden, Lieferanten und Partner stellen wir \u00fcber einen externen Anbieter ein Hinweisgebersystem zur Verf\u00fcgung. \u00dcber dieses System k\u00f6nnen m\u00f6gliche Verst\u00f6\u00dfe gegen Gesetze, Vorschriften oder unsere Codizies jederzeit anonym gemeldet werden. Es gew\u00e4hrleistet einen vertraulichen und durch spezielle Verschl\u00fcsselung gesicherten Dialog mit unserer Compliance-Abteilung.[\/vc_column_text][vc_btn title=&#8220;Hinweis melden&#8220; align=&#8220;left&#8220; css=&#8220;&#8220; link=&#8220;url:https%3A%2F%2Fapp.whistle-report.com%2Freport%2Fddb9c236-1a96-4807-8de5-cb01941ec38c|target:_blank&#8220;][\/vc_column][\/vc_row]<\/p>\n<\/div>","protected":false},"excerpt":{"rendered":"<p>[vc_row][vc_column][vc_column_text css=&#8220;&#8220;] HINWEISGEBERSYSTEM [\/vc_column_text][vc_column_text css=&#8220;&#8220;]Wir bei MinebeaMitsumi Europe legen gro\u00dfen Wert auf die Einhaltung von Gesetzen und ein Handeln, das von Integrit\u00e4t gepr\u00e4gt ist. F\u00fcr uns bedeutet Integrit\u00e4t, das Richtige zu tun, selbst wenn niemand zusieht. Unser Verhaltenskodex und Compliance Codex gelten f\u00fcr alle unsere Mitarbeitenden und dienen als Leitfaden f\u00fcr unser Verhalten. Sie bieten&hellip;<\/p>\n","protected":false},"author":9,"featured_media":0,"parent":0,"menu_order":47,"comment_status":"closed","ping_status":"closed","template":"","meta":{"inline_featured_image":false,"footnotes":""},"class_list":["post-3811","page","type-page","status-publish","hentry","description-off"],"yoast_head":"<!-- This site is optimized with the Yoast SEO plugin v27.3 - https:\/\/yoast.com\/product\/yoast-seo-wordpress\/ -->\n<title>Hinweisgebersystem - RO-RA Aviation Systems<\/title>\n<meta name=\"robots\" content=\"index, follow, max-snippet:-1, max-image-preview:large, max-video-preview:-1\" \/>\n<link rel=\"canonical\" href=\"https:\/\/www.ro-ra.com\/de\/hinweisgebersystem\/\" \/>\n<meta property=\"og:locale\" content=\"de_DE\" \/>\n<meta property=\"og:type\" content=\"article\" \/>\n<meta property=\"og:title\" content=\"Hinweisgebersystem - RO-RA Aviation Systems\" \/>\n<meta property=\"og:description\" content=\"[vc_row][vc_column][vc_column_text css=&#8220;&#8220;] HINWEISGEBERSYSTEM [\/vc_column_text][vc_column_text css=&#8220;&#8220;]Wir bei MinebeaMitsumi Europe legen gro\u00dfen Wert auf die Einhaltung von Gesetzen und ein Handeln, das von Integrit\u00e4t gepr\u00e4gt ist. F\u00fcr uns bedeutet Integrit\u00e4t, das Richtige zu tun, selbst wenn niemand zusieht. Unser Verhaltenskodex und Compliance Codex gelten f\u00fcr alle unsere Mitarbeitenden und dienen als Leitfaden f\u00fcr unser Verhalten. Sie bieten&hellip;\" \/>\n<meta property=\"og:url\" content=\"https:\/\/www.ro-ra.com\/de\/hinweisgebersystem\/\" \/>\n<meta property=\"og:site_name\" content=\"RO-RA Aviation Systems\" \/>\n<meta name=\"twitter:card\" content=\"summary_large_image\" \/>\n<meta name=\"twitter:label1\" content=\"Gesch\u00e4tzte Lesezeit\" \/>\n\t<meta name=\"twitter:data1\" content=\"1\u00a0Minute\" \/>\n<script type=\"application\/ld+json\" class=\"yoast-schema-graph\">{\"@context\":\"https:\\\/\\\/schema.org\",\"@graph\":[{\"@type\":\"WebPage\",\"@id\":\"https:\\\/\\\/www.ro-ra.com\\\/de\\\/hinweisgebersystem\\\/\",\"url\":\"https:\\\/\\\/www.ro-ra.com\\\/de\\\/hinweisgebersystem\\\/\",\"name\":\"Hinweisgebersystem - RO-RA Aviation Systems\",\"isPartOf\":{\"@id\":\"https:\\\/\\\/www.ro-ra.com\\\/de\\\/#website\"},\"datePublished\":\"2025-11-19T13:20:03+00:00\",\"breadcrumb\":{\"@id\":\"https:\\\/\\\/www.ro-ra.com\\\/de\\\/hinweisgebersystem\\\/#breadcrumb\"},\"inLanguage\":\"de\",\"potentialAction\":[{\"@type\":\"ReadAction\",\"target\":[\"https:\\\/\\\/www.ro-ra.com\\\/de\\\/hinweisgebersystem\\\/\"]}]},{\"@type\":\"BreadcrumbList\",\"@id\":\"https:\\\/\\\/www.ro-ra.com\\\/de\\\/hinweisgebersystem\\\/#breadcrumb\",\"itemListElement\":[{\"@type\":\"ListItem\",\"position\":1,\"name\":\"Startseite\",\"item\":\"https:\\\/\\\/www.ro-ra.com\\\/de\\\/\"},{\"@type\":\"ListItem\",\"position\":2,\"name\":\"Hinweisgebersystem\"}]},{\"@type\":\"WebSite\",\"@id\":\"https:\\\/\\\/www.ro-ra.com\\\/de\\\/#website\",\"url\":\"https:\\\/\\\/www.ro-ra.com\\\/de\\\/\",\"name\":\"RO-RA Aviation Systems\",\"description\":\"Solutions through precision.\",\"publisher\":{\"@id\":\"https:\\\/\\\/www.ro-ra.com\\\/de\\\/#organization\"},\"potentialAction\":[{\"@type\":\"SearchAction\",\"target\":{\"@type\":\"EntryPoint\",\"urlTemplate\":\"https:\\\/\\\/www.ro-ra.com\\\/de\\\/?s={search_term_string}\"},\"query-input\":{\"@type\":\"PropertyValueSpecification\",\"valueRequired\":true,\"valueName\":\"search_term_string\"}}],\"inLanguage\":\"de\"},{\"@type\":\"Organization\",\"@id\":\"https:\\\/\\\/www.ro-ra.com\\\/de\\\/#organization\",\"name\":\"RO-RA Aviation Systems GmbH\",\"url\":\"https:\\\/\\\/www.ro-ra.com\\\/de\\\/\",\"logo\":{\"@type\":\"ImageObject\",\"inLanguage\":\"de\",\"@id\":\"https:\\\/\\\/www.ro-ra.com\\\/de\\\/#\\\/schema\\\/logo\\\/image\\\/\",\"url\":\"https:\\\/\\\/www.ro-ra.com\\\/wp-content\\\/uploads\\\/2020\\\/07\\\/RO-RA_Logo_RGB_300dpi.jpg\",\"contentUrl\":\"https:\\\/\\\/www.ro-ra.com\\\/wp-content\\\/uploads\\\/2020\\\/07\\\/RO-RA_Logo_RGB_300dpi.jpg\",\"width\":\"1182\",\"height\":\"709\",\"caption\":\"RO-RA Aviation Systems GmbH\"},\"image\":{\"@id\":\"https:\\\/\\\/www.ro-ra.com\\\/de\\\/#\\\/schema\\\/logo\\\/image\\\/\"}}]}<\/script>\n<!-- \/ Yoast SEO plugin. -->","yoast_head_json":{"title":"Hinweisgebersystem - RO-RA Aviation Systems","robots":{"index":"index","follow":"follow","max-snippet":"max-snippet:-1","max-image-preview":"max-image-preview:large","max-video-preview":"max-video-preview:-1"},"canonical":"https:\/\/www.ro-ra.com\/de\/hinweisgebersystem\/","og_locale":"de_DE","og_type":"article","og_title":"Hinweisgebersystem - RO-RA Aviation Systems","og_description":"[vc_row][vc_column][vc_column_text css=&#8220;&#8220;] HINWEISGEBERSYSTEM [\/vc_column_text][vc_column_text css=&#8220;&#8220;]Wir bei MinebeaMitsumi Europe legen gro\u00dfen Wert auf die Einhaltung von Gesetzen und ein Handeln, das von Integrit\u00e4t gepr\u00e4gt ist. F\u00fcr uns bedeutet Integrit\u00e4t, das Richtige zu tun, selbst wenn niemand zusieht. Unser Verhaltenskodex und Compliance Codex gelten f\u00fcr alle unsere Mitarbeitenden und dienen als Leitfaden f\u00fcr unser Verhalten. Sie bieten&hellip;","og_url":"https:\/\/www.ro-ra.com\/de\/hinweisgebersystem\/","og_site_name":"RO-RA Aviation Systems","twitter_card":"summary_large_image","twitter_misc":{"Gesch\u00e4tzte Lesezeit":"1\u00a0Minute"},"schema":{"@context":"https:\/\/schema.org","@graph":[{"@type":"WebPage","@id":"https:\/\/www.ro-ra.com\/de\/hinweisgebersystem\/","url":"https:\/\/www.ro-ra.com\/de\/hinweisgebersystem\/","name":"Hinweisgebersystem - RO-RA Aviation Systems","isPartOf":{"@id":"https:\/\/www.ro-ra.com\/de\/#website"},"datePublished":"2025-11-19T13:20:03+00:00","breadcrumb":{"@id":"https:\/\/www.ro-ra.com\/de\/hinweisgebersystem\/#breadcrumb"},"inLanguage":"de","potentialAction":[{"@type":"ReadAction","target":["https:\/\/www.ro-ra.com\/de\/hinweisgebersystem\/"]}]},{"@type":"BreadcrumbList","@id":"https:\/\/www.ro-ra.com\/de\/hinweisgebersystem\/#breadcrumb","itemListElement":[{"@type":"ListItem","position":1,"name":"Startseite","item":"https:\/\/www.ro-ra.com\/de\/"},{"@type":"ListItem","position":2,"name":"Hinweisgebersystem"}]},{"@type":"WebSite","@id":"https:\/\/www.ro-ra.com\/de\/#website","url":"https:\/\/www.ro-ra.com\/de\/","name":"RO-RA Aviation Systems","description":"Solutions through precision.","publisher":{"@id":"https:\/\/www.ro-ra.com\/de\/#organization"},"potentialAction":[{"@type":"SearchAction","target":{"@type":"EntryPoint","urlTemplate":"https:\/\/www.ro-ra.com\/de\/?s={search_term_string}"},"query-input":{"@type":"PropertyValueSpecification","valueRequired":true,"valueName":"search_term_string"}}],"inLanguage":"de"},{"@type":"Organization","@id":"https:\/\/www.ro-ra.com\/de\/#organization","name":"RO-RA Aviation Systems GmbH","url":"https:\/\/www.ro-ra.com\/de\/","logo":{"@type":"ImageObject","inLanguage":"de","@id":"https:\/\/www.ro-ra.com\/de\/#\/schema\/logo\/image\/","url":"https:\/\/www.ro-ra.com\/wp-content\/uploads\/2020\/07\/RO-RA_Logo_RGB_300dpi.jpg","contentUrl":"https:\/\/www.ro-ra.com\/wp-content\/uploads\/2020\/07\/RO-RA_Logo_RGB_300dpi.jpg","width":"1182","height":"709","caption":"RO-RA Aviation Systems GmbH"},"image":{"@id":"https:\/\/www.ro-ra.com\/de\/#\/schema\/logo\/image\/"}}]}},"_links":{"self":[{"href":"https:\/\/www.ro-ra.com\/de\/wp-json\/wp\/v2\/pages\/3811","targetHints":{"allow":["GET"]}}],"collection":[{"href":"https:\/\/www.ro-ra.com\/de\/wp-json\/wp\/v2\/pages"}],"about":[{"href":"https:\/\/www.ro-ra.com\/de\/wp-json\/wp\/v2\/types\/page"}],"author":[{"embeddable":true,"href":"https:\/\/www.ro-ra.com\/de\/wp-json\/wp\/v2\/users\/9"}],"replies":[{"embeddable":true,"href":"https:\/\/www.ro-ra.com\/de\/wp-json\/wp\/v2\/comments?post=3811"}],"version-history":[{"count":1,"href":"https:\/\/www.ro-ra.com\/de\/wp-json\/wp\/v2\/pages\/3811\/revisions"}],"predecessor-version":[{"id":3816,"href":"https:\/\/www.ro-ra.com\/de\/wp-json\/wp\/v2\/pages\/3811\/revisions\/3816"}],"wp:attachment":[{"href":"https:\/\/www.ro-ra.com\/de\/wp-json\/wp\/v2\/media?parent=3811"}],"curies":[{"name":"wp","href":"https:\/\/api.w.org\/{rel}","templated":true}]}}