{"id":2950,"date":"2022-02-24T13:30:55","date_gmt":"2022-02-24T12:30:55","guid":{"rendered":"https:\/\/www.ro-ra.com\/?page_id=2950"},"modified":"2024-03-27T13:08:22","modified_gmt":"2024-03-27T12:08:22","slug":"lohnfertigung","status":"publish","type":"page","link":"https:\/\/www.ro-ra.com\/de\/lohnfertigung\/","title":{"rendered":"Lohnfertigung"},"content":{"rendered":"<div class=\"wpb-content-wrapper\"><p>[vc_row][vc_column][vc_column_text]<\/p>\n<h1 style=\"text-align: center;\">Lohnfertigung bei RO-RA<\/h1>\n<p>[\/vc_column_text][\/vc_column][\/vc_row][vc_row][vc_column][vc_column_text]<\/p>\n<h2 style=\"text-align: center;\">CNC Dreh- und Fr\u00e4sarbeiten mit Luftfahrtqualit\u00e4t<\/h2>\n<p>[\/vc_column_text][vc_column_text]<\/p>\n<p lang=\"de-AT\" style=\"margin: 0in; font-family: Calibri; font-size: 11.0pt;\">F\u00fcr regionale Unternehmen im deutschsprachigen Raum bieten wir neben unserem Kerngesch\u00e4ft als Technologiebetrieb in der Luftfahrtindustrie auch CNC Lohnfertigung an. Dabei stellen wir unseren <a href=\"https:\/\/www.ro-ra.com\/de\/kompetenzen\/moderne-fertigung\/\">hochmodernen Maschinenpark<\/a> f\u00fcr Klein- und Mittelserien sowie Prototypenfertigung zur Verf\u00fcgung. Unsere CNC Dreh- und Fr\u00e4sarbeiten wickeln wir einerseits zu einem fairen Preis und andererseits mit dem Qualit\u00e4tsanspruch aus der Luftfahrtindustrie ab.<\/p>\n<p>[\/vc_column_text][vc_column_text]Des Weiteren werden jegliche Anfragen in der Lohnfertigung \u00fcber ein produktionsnahes Expertenteam angeboten. Wir sind somit in der Lage, sehr zeitnah ein Angebot abzugeben. Der Auftrag wird folglich\u00a0 auf einer unserer 28 CNC Dreh- und Fr\u00e4smaschinen f\u00fcr Sie fristgerecht gefertigt. Unser Anspruch ist in der Abwicklung besonders hoch. \u00a0Aus diesem Grund fertigen wir nicht nur die Teile, sondern machen uns auch Gedanken, wie diese noch wirtschaftlicher f\u00fcr beiden Seiten hergestellt werden k\u00f6nnen.[\/vc_column_text][vc_column_text]Au\u00dferdem sind wir Experten in der Bearbeitung von hochlegiertem Stahl, Titan, Aluminium und Nickelbasislegierungen. Wir bieten eine Vielfalt von Materialien f\u00fcr hochpr\u00e4zise Bauteile und Baugruppen. Mit unseren Fertigungstechnologien sind wir auch f\u00e4hig, komplexe Geometrien und diverse Verzahnungen zu fertigen.[\/vc_column_text][vc_column_text]Zusammenfassend bieten wir Ihnen einen perfekten Service mit modernster CNC Technik.[\/vc_column_text][\/vc_column][\/vc_row][vc_row][vc_column][vc_empty_space][\/vc_column][\/vc_row][vc_row css=&#8220;.vc_custom_1674124187016{margin-top: 120px !important;}&#8220;][vc_column][vc_column_text]<\/p>\n<h2 style=\"text-align: center;\">Lohnfertigung &#8211; Vorteile auf einen Blick<\/h2>\n<p>[\/vc_column_text][\/vc_column][\/vc_row][vc_row full_width_row=&#8220;true&#8220;][vc_column width=&#8220;1\/5&#8243;][\/vc_column][vc_column width=&#8220;1\/5&#8243;][vc_single_image image=&#8220;3476&#8243; img_size=&#8220;180&#215;180&#8243; alignment=&#8220;center&#8220;][vc_column_text]<\/p>\n<h3 style=\"text-align: center;\">Geschwindigkeit<\/h3>\n<p>[\/vc_column_text][vc_empty_space height=&#8220;60px&#8220;][vc_single_image image=&#8220;3472&#8243; img_size=&#8220;180&#215;180&#8243; alignment=&#8220;center&#8220;][vc_column_text]<\/p>\n<h3 style=\"text-align: center;\">Pr\u00e4zision<\/h3>\n<p>[\/vc_column_text][vc_empty_space height=&#8220;60px&#8220;][vc_single_image image=&#8220;3465&#8243; img_size=&#8220;180&#215;180&#8243; alignment=&#8220;center&#8220;][vc_column_text]<\/p>\n<h3 style=\"text-align: center;\">komplexe Geometrien<\/h3>\n<p>[\/vc_column_text][\/vc_column][vc_column width=&#8220;1\/5&#8243;][vc_single_image image=&#8220;3474&#8243; img_size=&#8220;180&#215;180&#8243; alignment=&#8220;center&#8220;][vc_column_text]<\/p>\n<h3 style=\"text-align: center;\">Prozessstabilit\u00e4t<\/h3>\n<p>[\/vc_column_text][vc_empty_space height=&#8220;60px&#8220;][vc_single_image image=&#8220;3470&#8243; img_size=&#8220;180&#215;180&#8243; alignment=&#8220;center&#8220;][vc_column_text]<\/p>\n<h3 style=\"text-align: center;\">Materialvielfalt<\/h3>\n<p>[\/vc_column_text][vc_empty_space height=&#8220;60px&#8220;][vc_single_image image=&#8220;3467&#8243; img_size=&#8220;180&#215;180&#8243; alignment=&#8220;center&#8220;][vc_column_text]<\/p>\n<h3 style=\"text-align: center;\">Luftfahrtqualit\u00e4t<\/h3>\n<p>[\/vc_column_text][\/vc_column][vc_column width=&#8220;1\/5&#8243;][vc_single_image image=&#8220;3461&#8243; img_size=&#8220;180&#215;180&#8243; alignment=&#8220;center&#8220;][vc_column_text]<\/p>\n<h3 style=\"text-align: center;\">Digitalisierung<\/h3>\n<p>[\/vc_column_text][vc_empty_space height=&#8220;60px&#8220;][vc_single_image image=&#8220;3468&#8243; img_size=&#8220;180&#215;180&#8243; alignment=&#8220;center&#8220;][vc_column_text]<\/p>\n<h3 style=\"text-align: center;\">Maschinenpark<\/h3>\n<p>[\/vc_column_text][vc_empty_space height=&#8220;60px&#8220;][vc_single_image image=&#8220;3463&#8243; img_size=&#8220;180&#215;180&#8243; alignment=&#8220;center&#8220;][vc_column_text]<\/p>\n<h3 style=\"text-align: center;\">Fairer Preis<\/h3>\n<p>[\/vc_column_text][\/vc_column][vc_column width=&#8220;1\/5&#8243;][\/vc_column][\/vc_row][vc_row type=&#8220;vc_default&#8220; full_width=&#8220;stretch_row&#8220; el_class=&#8220;blue-box-form&#8220; css=&#8220;.vc_custom_1674124152830{margin-top: 60px !important;margin-bottom: 80px !important;}&#8220;][vc_column css=&#8220;.vc_custom_1594736331003{margin-top: 80px !important;margin-bottom: 80px !important;}&#8220;][vc_column_text]<\/p>\n<h3 style=\"text-align: center;\">Sie suchen den passenden Lieferanten?<\/h3>\n<h3 style=\"text-align: center;\">Fragen Sie gerne bei uns in der Lohnfertigung an!<\/h3>\n<p>[\/vc_column_text][vc_empty_space height=&#8220;60px&#8220;][vc_row_inner][vc_column_inner width=&#8220;2\/5&#8243;][vc_single_image image=&#8220;3322&#8243; img_size=&#8220;140&#215;140&#8243; alignment=&#8220;right&#8220; style=&#8220;vc_box_circle&#8220; image_hovers=&#8220;false&#8220;][\/vc_column_inner][vc_column_inner width=&#8220;3\/5&#8243;][vc_column_text]<strong>Lukas Holzinger<\/strong><br \/>\nFast-Shop Production<br \/>\n<a href=\"mailto:lohnfertigung@ro-ra.com\">lohnfertigung@ro-ra.com<\/a>[\/vc_column_text][\/vc_column_inner][\/vc_row_inner][vc_column_text css=&#8220;.vc_custom_1645704123926{margin-top: 50px !important;}&#8220;]<\/p>\n<h3 style=\"text-align: center;\">Anfrageformular<\/h3>\n<p>[\/vc_column_text][vc_column_text][ninja_form id=9][\/vc_column_text][\/vc_column][\/vc_row][vc_row animation=&#8220;fadeInUpBig&#8220;][vc_column][vc_row_inner gap=&#8220;30&#8243; css=&#8220;.vc_custom_1599648386511{margin-bottom: 10px !important;}&#8220;][vc_column_inner width=&#8220;1\/3&#8243;][vc_btn title=&#8220;Produkt- &amp; Prozessentwicklung&#8220; align=&#8220;center&#8220; button_block=&#8220;true&#8220; link=&#8220;url:http%3A%2F%2Fro-ra.t-svc-2.com%2Fde%2Ftechnologie%2Fprodukt-und-prozessentwicklung%2F|title:Produkt-%20%26%20Prozessentwicklung&#8220;][\/vc_column_inner][vc_column_inner width=&#8220;1\/3&#8243;][vc_btn title=&#8220;Qualit\u00e4tsmanagement &amp; Sicherung&#8220; align=&#8220;center&#8220; button_block=&#8220;true&#8220; link=&#8220;url:http%3A%2F%2Fro-ra.t-svc-2.com%2Fde%2Ftechnologie%2Fqualitaetsmanagement-sicherung%2F|title:Qualit%C3%A4tsmanagement%20%26%20Sicherung&#8220;][\/vc_column_inner][vc_column_inner width=&#8220;1\/3&#8243;][vc_btn title=&#8220;Modernes Supply Chain Management&#8220; align=&#8220;center&#8220; button_block=&#8220;true&#8220; link=&#8220;url:http%3A%2F%2Fro-ra.t-svc-2.com%2Fde%2Ftechnologie%2Fmodernes-supply-chain-management%2F|title:Modernes%20Supply%20%20Chain%20Management&#8220;][\/vc_column_inner][\/vc_row_inner][vc_row_inner gap=&#8220;30&#8243; css=&#8220;.vc_custom_1594381676209{margin-bottom: 80px !important;}&#8220;][vc_column_inner width=&#8220;1\/6&#8243;][\/vc_column_inner][vc_column_inner width=&#8220;1\/3&#8243;][vc_btn title=&#8220;Materialien &amp; Prozesse&#8220; align=&#8220;center&#8220; button_block=&#8220;true&#8220; link=&#8220;url:http%3A%2F%2Fro-ra.t-svc-2.com%2Fde%2Ftechnologie%2Fmaterialien-und-prozesse%2F|title:Materialien%20%26%20Prozesse&#8220;][\/vc_column_inner][vc_column_inner width=&#8220;1\/3&#8243;][vc_btn title=&#8220;Digitalisierung&#8220; align=&#8220;center&#8220; button_block=&#8220;true&#8220; link=&#8220;url:http%3A%2F%2Fro-ra.t-svc-2.com%2Fde%2Ftechnologie%2Fdigitalisierung%2F|title:Digitalisierung&#8220;][\/vc_column_inner][vc_column_inner width=&#8220;1\/6&#8243;][\/vc_column_inner][\/vc_row_inner][\/vc_column][\/vc_row]<\/p>\n<\/div>","protected":false},"excerpt":{"rendered":"<p>[vc_row][vc_column][vc_column_text] Lohnfertigung bei RO-RA [\/vc_column_text][\/vc_column][\/vc_row][vc_row][vc_column][vc_column_text] CNC Dreh- und Fr\u00e4sarbeiten mit Luftfahrtqualit\u00e4t [\/vc_column_text][vc_column_text] F\u00fcr regionale Unternehmen im deutschsprachigen Raum bieten wir neben unserem Kerngesch\u00e4ft als Technologiebetrieb in der Luftfahrtindustrie auch CNC Lohnfertigung an. Dabei stellen wir unseren hochmodernen Maschinenpark f\u00fcr Klein- und Mittelserien sowie Prototypenfertigung zur Verf\u00fcgung. Unsere CNC Dreh- und Fr\u00e4sarbeiten wickeln wir einerseits zu&hellip;<\/p>\n","protected":false},"author":3,"featured_media":0,"parent":0,"menu_order":0,"comment_status":"closed","ping_status":"closed","template":"","meta":{"inline_featured_image":false,"footnotes":""},"class_list":["post-2950","page","type-page","status-publish","hentry","description-off"],"yoast_head":"<!-- This site is optimized with the Yoast SEO plugin v27.3 - https:\/\/yoast.com\/product\/yoast-seo-wordpress\/ -->\n<title>Lohnfertigung - RO-RA Aviation Systems<\/title>\n<meta name=\"description\" content=\"Wir bieten CNC Lohnfertigung f\u00fcr Klein- &amp; Mittelserien. Schnelle Abwicklung, Prototypen, Baugruppen, Materialvielfalt, komplexe Geometrien..\" \/>\n<meta name=\"robots\" content=\"index, follow, max-snippet:-1, max-image-preview:large, max-video-preview:-1\" \/>\n<link rel=\"canonical\" href=\"https:\/\/www.ro-ra.com\/de\/lohnfertigung\/\" \/>\n<meta property=\"og:locale\" content=\"de_DE\" \/>\n<meta property=\"og:type\" content=\"article\" \/>\n<meta property=\"og:title\" content=\"Lohnfertigung - RO-RA Aviation Systems\" \/>\n<meta property=\"og:description\" content=\"Wir bieten CNC Lohnfertigung f\u00fcr Klein- &amp; Mittelserien. Schnelle Abwicklung, Prototypen, Baugruppen, Materialvielfalt, komplexe Geometrien..\" \/>\n<meta property=\"og:url\" content=\"https:\/\/www.ro-ra.com\/de\/lohnfertigung\/\" \/>\n<meta property=\"og:site_name\" content=\"RO-RA Aviation Systems\" \/>\n<meta property=\"article:modified_time\" content=\"2024-03-27T12:08:22+00:00\" \/>\n<meta name=\"twitter:card\" content=\"summary_large_image\" \/>\n<meta name=\"twitter:label1\" content=\"Gesch\u00e4tzte Lesezeit\" \/>\n\t<meta name=\"twitter:data1\" content=\"2\u00a0Minuten\" \/>\n<script type=\"application\/ld+json\" class=\"yoast-schema-graph\">{\"@context\":\"https:\\\/\\\/schema.org\",\"@graph\":[{\"@type\":\"WebPage\",\"@id\":\"https:\\\/\\\/www.ro-ra.com\\\/de\\\/lohnfertigung\\\/\",\"url\":\"https:\\\/\\\/www.ro-ra.com\\\/de\\\/lohnfertigung\\\/\",\"name\":\"Lohnfertigung - RO-RA Aviation Systems\",\"isPartOf\":{\"@id\":\"https:\\\/\\\/www.ro-ra.com\\\/de\\\/#website\"},\"datePublished\":\"2022-02-24T12:30:55+00:00\",\"dateModified\":\"2024-03-27T12:08:22+00:00\",\"description\":\"Wir bieten CNC Lohnfertigung f\u00fcr Klein- & Mittelserien. Schnelle Abwicklung, Prototypen, Baugruppen, Materialvielfalt, komplexe Geometrien..\",\"breadcrumb\":{\"@id\":\"https:\\\/\\\/www.ro-ra.com\\\/de\\\/lohnfertigung\\\/#breadcrumb\"},\"inLanguage\":\"de\",\"potentialAction\":[{\"@type\":\"ReadAction\",\"target\":[\"https:\\\/\\\/www.ro-ra.com\\\/de\\\/lohnfertigung\\\/\"]}]},{\"@type\":\"BreadcrumbList\",\"@id\":\"https:\\\/\\\/www.ro-ra.com\\\/de\\\/lohnfertigung\\\/#breadcrumb\",\"itemListElement\":[{\"@type\":\"ListItem\",\"position\":1,\"name\":\"Startseite\",\"item\":\"https:\\\/\\\/www.ro-ra.com\\\/de\\\/\"},{\"@type\":\"ListItem\",\"position\":2,\"name\":\"Lohnfertigung\"}]},{\"@type\":\"WebSite\",\"@id\":\"https:\\\/\\\/www.ro-ra.com\\\/de\\\/#website\",\"url\":\"https:\\\/\\\/www.ro-ra.com\\\/de\\\/\",\"name\":\"RO-RA Aviation Systems\",\"description\":\"Solutions through precision.\",\"publisher\":{\"@id\":\"https:\\\/\\\/www.ro-ra.com\\\/de\\\/#organization\"},\"potentialAction\":[{\"@type\":\"SearchAction\",\"target\":{\"@type\":\"EntryPoint\",\"urlTemplate\":\"https:\\\/\\\/www.ro-ra.com\\\/de\\\/?s={search_term_string}\"},\"query-input\":{\"@type\":\"PropertyValueSpecification\",\"valueRequired\":true,\"valueName\":\"search_term_string\"}}],\"inLanguage\":\"de\"},{\"@type\":\"Organization\",\"@id\":\"https:\\\/\\\/www.ro-ra.com\\\/de\\\/#organization\",\"name\":\"RO-RA Aviation Systems GmbH\",\"url\":\"https:\\\/\\\/www.ro-ra.com\\\/de\\\/\",\"logo\":{\"@type\":\"ImageObject\",\"inLanguage\":\"de\",\"@id\":\"https:\\\/\\\/www.ro-ra.com\\\/de\\\/#\\\/schema\\\/logo\\\/image\\\/\",\"url\":\"https:\\\/\\\/www.ro-ra.com\\\/wp-content\\\/uploads\\\/2020\\\/07\\\/RO-RA_Logo_RGB_300dpi.jpg\",\"contentUrl\":\"https:\\\/\\\/www.ro-ra.com\\\/wp-content\\\/uploads\\\/2020\\\/07\\\/RO-RA_Logo_RGB_300dpi.jpg\",\"width\":\"1182\",\"height\":\"709\",\"caption\":\"RO-RA Aviation Systems GmbH\"},\"image\":{\"@id\":\"https:\\\/\\\/www.ro-ra.com\\\/de\\\/#\\\/schema\\\/logo\\\/image\\\/\"}}]}<\/script>\n<!-- \/ Yoast SEO plugin. -->","yoast_head_json":{"title":"Lohnfertigung - RO-RA Aviation Systems","description":"Wir bieten CNC Lohnfertigung f\u00fcr Klein- & Mittelserien. Schnelle Abwicklung, Prototypen, Baugruppen, Materialvielfalt, komplexe Geometrien..","robots":{"index":"index","follow":"follow","max-snippet":"max-snippet:-1","max-image-preview":"max-image-preview:large","max-video-preview":"max-video-preview:-1"},"canonical":"https:\/\/www.ro-ra.com\/de\/lohnfertigung\/","og_locale":"de_DE","og_type":"article","og_title":"Lohnfertigung - RO-RA Aviation Systems","og_description":"Wir bieten CNC Lohnfertigung f\u00fcr Klein- & Mittelserien. Schnelle Abwicklung, Prototypen, Baugruppen, Materialvielfalt, komplexe Geometrien..","og_url":"https:\/\/www.ro-ra.com\/de\/lohnfertigung\/","og_site_name":"RO-RA Aviation Systems","article_modified_time":"2024-03-27T12:08:22+00:00","twitter_card":"summary_large_image","twitter_misc":{"Gesch\u00e4tzte Lesezeit":"2\u00a0Minuten"},"schema":{"@context":"https:\/\/schema.org","@graph":[{"@type":"WebPage","@id":"https:\/\/www.ro-ra.com\/de\/lohnfertigung\/","url":"https:\/\/www.ro-ra.com\/de\/lohnfertigung\/","name":"Lohnfertigung - RO-RA Aviation Systems","isPartOf":{"@id":"https:\/\/www.ro-ra.com\/de\/#website"},"datePublished":"2022-02-24T12:30:55+00:00","dateModified":"2024-03-27T12:08:22+00:00","description":"Wir bieten CNC Lohnfertigung f\u00fcr Klein- & Mittelserien. Schnelle Abwicklung, Prototypen, Baugruppen, Materialvielfalt, komplexe Geometrien..","breadcrumb":{"@id":"https:\/\/www.ro-ra.com\/de\/lohnfertigung\/#breadcrumb"},"inLanguage":"de","potentialAction":[{"@type":"ReadAction","target":["https:\/\/www.ro-ra.com\/de\/lohnfertigung\/"]}]},{"@type":"BreadcrumbList","@id":"https:\/\/www.ro-ra.com\/de\/lohnfertigung\/#breadcrumb","itemListElement":[{"@type":"ListItem","position":1,"name":"Startseite","item":"https:\/\/www.ro-ra.com\/de\/"},{"@type":"ListItem","position":2,"name":"Lohnfertigung"}]},{"@type":"WebSite","@id":"https:\/\/www.ro-ra.com\/de\/#website","url":"https:\/\/www.ro-ra.com\/de\/","name":"RO-RA Aviation Systems","description":"Solutions through precision.","publisher":{"@id":"https:\/\/www.ro-ra.com\/de\/#organization"},"potentialAction":[{"@type":"SearchAction","target":{"@type":"EntryPoint","urlTemplate":"https:\/\/www.ro-ra.com\/de\/?s={search_term_string}"},"query-input":{"@type":"PropertyValueSpecification","valueRequired":true,"valueName":"search_term_string"}}],"inLanguage":"de"},{"@type":"Organization","@id":"https:\/\/www.ro-ra.com\/de\/#organization","name":"RO-RA Aviation Systems GmbH","url":"https:\/\/www.ro-ra.com\/de\/","logo":{"@type":"ImageObject","inLanguage":"de","@id":"https:\/\/www.ro-ra.com\/de\/#\/schema\/logo\/image\/","url":"https:\/\/www.ro-ra.com\/wp-content\/uploads\/2020\/07\/RO-RA_Logo_RGB_300dpi.jpg","contentUrl":"https:\/\/www.ro-ra.com\/wp-content\/uploads\/2020\/07\/RO-RA_Logo_RGB_300dpi.jpg","width":"1182","height":"709","caption":"RO-RA Aviation Systems GmbH"},"image":{"@id":"https:\/\/www.ro-ra.com\/de\/#\/schema\/logo\/image\/"}}]}},"_links":{"self":[{"href":"https:\/\/www.ro-ra.com\/de\/wp-json\/wp\/v2\/pages\/2950","targetHints":{"allow":["GET"]}}],"collection":[{"href":"https:\/\/www.ro-ra.com\/de\/wp-json\/wp\/v2\/pages"}],"about":[{"href":"https:\/\/www.ro-ra.com\/de\/wp-json\/wp\/v2\/types\/page"}],"author":[{"embeddable":true,"href":"https:\/\/www.ro-ra.com\/de\/wp-json\/wp\/v2\/users\/3"}],"replies":[{"embeddable":true,"href":"https:\/\/www.ro-ra.com\/de\/wp-json\/wp\/v2\/comments?post=2950"}],"version-history":[{"count":7,"href":"https:\/\/www.ro-ra.com\/de\/wp-json\/wp\/v2\/pages\/2950\/revisions"}],"predecessor-version":[{"id":3815,"href":"https:\/\/www.ro-ra.com\/de\/wp-json\/wp\/v2\/pages\/2950\/revisions\/3815"}],"wp:attachment":[{"href":"https:\/\/www.ro-ra.com\/de\/wp-json\/wp\/v2\/media?parent=2950"}],"curies":[{"name":"wp","href":"https:\/\/api.w.org\/{rel}","templated":true}]}}