{"id":1483,"date":"2020-09-12T21:07:19","date_gmt":"2020-09-12T19:07:19","guid":{"rendered":"https:\/\/www.ro-ra.com\/?page_id=1483"},"modified":"2025-06-16T10:10:52","modified_gmt":"2025-06-16T08:10:52","slug":"bewerbungsprozess","status":"publish","type":"page","link":"https:\/\/www.ro-ra.com\/de\/karriere\/bewerbungsprozess\/","title":{"rendered":"Bewerbungsprozess"},"content":{"rendered":"<div class=\"wpb-content-wrapper\"><p>[vc_row][vc_column][vc_column_text]<\/p>\n<h1 style=\"text-align: center;\">Bewerbungsprozess bei RO-RA<\/h1>\n<p>[\/vc_column_text][\/vc_column][\/vc_row][vc_row][vc_column css=&#8220;.vc_custom_1594737403046{margin-top: 80px !important;margin-bottom: 80px !important;}&#8220;][vc_column_text]Bitte verwende f\u00fcr deine Bewerbung immer unsere Online-Formulare. Du findest <a href=\"https:\/\/www.ro-ra.com\/de\/karriere\/freie-stellen\/\">hier<\/a> die konkreten Stellenausschreibungen und den Link zur Initiativbewerbung. Damit hilfst du uns auch, die Richtlinien der Datenschutzgrundverordnung einzuhalten.[\/vc_column_text]<div class=\"smile-icon-timeline-wrap csstime   \"     style=\"\"><div class=\"timeline-line \" style=\"border-right-color:#000000;\"><span><\/span><\/div><div class=\"timeline-wrapper\"><div class=\"timeline-block \"><div class=\"timeline-dot\"><\/div><div class=\"ult-timeline-arrow\"><s><\/s><l><\/l><\/div><div class=\"timeline-icon-block\"><div class=\"ult-timeline-icon tl-icon-no-bg\" style=\"   \"><\/div> <!-- icon --><\/div><div class=\"timeline-header-block\" >\n\t\t\t\t\t\t\t<div id=\"timeline-item-1951\" class=\"timeline-header\" style=\"\"><h2 class=\"ult-timeline-title ult-responsive\"  data-ultimate-target='#timeline-item-1951 .ult-timeline-title'  data-responsive-json-new='{\"font-size\":\"\",\"line-height\":\"\"}'  style=\"\">Deine Bewerbung<\/h2><div class=\"ult-responsive timeline-item-spt\"  data-ultimate-target='#timeline-item-1951 .timeline-item-spt'  data-responsive-json-new='{\"font-size\":\"\",\"line-height\":\"\"}'  style=\"\"><\/p>\n<h5>Welche Dokumente solltest du senden?<\/h5>\n<ul>\n<li><strong>Motiviationsschreiben:<\/strong> Hier beantwortest du uns die ersten Fragen: Was zeichnet dich besonders aus? Wer bist du? Was qualifiziert dich f\u00fcr die Stelle? Warum willst du f\u00fcr uns arbeiten?<\/li>\n<li><strong>Lebenslauf mit aktuellem Foto:<\/strong> Ein tabellarischer Lebenslauf, beginnend mit der aktuellen oder zuletzt ausge\u00fcbten T\u00e4tigkeit inkl. einer kurzen Auflistung deiner Aufgaben gibt uns den besten \u00dcberblick. Die Zeitr\u00e4ume gibst du am Besten mit Monat und Jahr an.<\/li>\n<li><strong>Relevante Ausbildungsnachweise:<\/strong> Letztes Schulzeugnis, Maturazeugnis, Lehrabschlusszeugnis, Diplome, Studienerfolgsnachweise\u2026 alles, was f\u00fcr die Stelle relevant ist. Sollte etwas fehlen, ist das auch kein Problem, dann fragen wir danach.<\/li>\n<li><strong>Dienst- und Arbeitszeugnisse:<\/strong> Tipp: Es gibt tolle Handy-Apps, mit denen du die Dokumente scannen, als PDF speichern und zusammenf\u00fchren kannst.<\/li>\n<\/ul>\n<p><\/div><\/div> <!-- header --><\/div><\/div><div class=\"timeline-block \"><div class=\"timeline-dot\"><\/div><div class=\"ult-timeline-arrow\"><s><\/s><l><\/l><\/div><div class=\"timeline-icon-block\"><div class=\"ult-timeline-icon tl-icon-no-bg\" style=\"   \"><\/div> <!-- icon --><\/div><div class=\"timeline-header-block\" >\n\t\t\t\t\t\t\t<div id=\"timeline-item-3081\" class=\"timeline-header\" style=\"\"><h2 class=\"ult-timeline-title ult-responsive\"  data-ultimate-target='#timeline-item-3081 .ult-timeline-title'  data-responsive-json-new='{\"font-size\":\"\",\"line-height\":\"\"}'  style=\"\">Deine Bewerbung wird gepr\u00fcft<\/h2><div class=\"ult-responsive timeline-item-spt\"  data-ultimate-target='#timeline-item-3081 .timeline-item-spt'  data-responsive-json-new='{\"font-size\":\"\",\"line-height\":\"\"}'  style=\"\">Jetzt sind wir dran. Wir best\u00e4tigen dir umgehend, sp\u00e4testens aber innerhalb von 3 Werktagen, dass deine Unterlagen angekommen sind. Dann kann es aber etwas dauern, denn wir pr\u00fcfen zuerst die eingehenden Bewerbungen und entscheiden dann, wen wir zum Interview einladen m\u00f6chten.<\/div><\/div> <!-- header --><\/div><\/div><div class=\"timeline-block \"><div class=\"timeline-dot\"><\/div><div class=\"ult-timeline-arrow\"><s><\/s><l><\/l><\/div><div class=\"timeline-icon-block\"><div class=\"ult-timeline-icon tl-icon-no-bg\" style=\"   \"><\/div> <!-- icon --><\/div><div class=\"timeline-header-block\" >\n\t\t\t\t\t\t\t<div id=\"timeline-item-3790\" class=\"timeline-header\" style=\"\"><h2 class=\"ult-timeline-title ult-responsive\"  data-ultimate-target='#timeline-item-3790 .ult-timeline-title'  data-responsive-json-new='{\"font-size\":\"\",\"line-height\":\"\"}'  style=\"\">Vorstellungsgespr\u00e4ch<\/h2><div class=\"ult-responsive timeline-item-spt\"  data-ultimate-target='#timeline-item-3790 .timeline-item-spt'  data-responsive-json-new='{\"font-size\":\"\",\"line-height\":\"\"}'  style=\"\">Wenn uns deine Unterlagen \u00fcberzeugt haben, laden wir dich telefonisch zu einem Interview ein. Hier lernen wir uns das erste Mal kennen und versuchen herauszufinden, ob deine Vorstellungen und Erwartungen zu den unsern passen. F\u00fcr dich ist das auch eine gute Gelegenheit, Fragen zu stellen.<\/div><\/div> <!-- header --><\/div><\/div><div class=\"timeline-block \"><div class=\"timeline-dot\"><\/div><div class=\"ult-timeline-arrow\"><s><\/s><l><\/l><\/div><div class=\"timeline-icon-block\"><div class=\"ult-timeline-icon tl-icon-no-bg\" style=\"   \"><\/div> <!-- icon --><\/div><div class=\"timeline-header-block\" >\n\t\t\t\t\t\t\t<div id=\"timeline-item-3809\" class=\"timeline-header\" style=\"\"><h2 class=\"ult-timeline-title ult-responsive\"  data-ultimate-target='#timeline-item-3809 .ult-timeline-title'  data-responsive-json-new='{\"font-size\":\"\",\"line-height\":\"\"}'  style=\"\">Kennenlernen<\/h2><div class=\"ult-responsive timeline-item-spt\"  data-ultimate-target='#timeline-item-3809 .timeline-item-spt'  data-responsive-json-new='{\"font-size\":\"\",\"line-height\":\"\"}'  style=\"\">Je nach Position und Anforderung lernst du in einem weiteren, spezifischeren Gespr\u00e4ch oder einem Probetag das Team und deinen Arbeitsplatz kennen. Es ist uns sehr wichtig, dass du einen guten Eindruck davon bekommst, was dich erwartet; umgekehrt nat\u00fcrlich auch.<\/div><\/div> <!-- header --><\/div><\/div><div class=\"timeline-block \"><div class=\"timeline-dot\"><\/div><div class=\"ult-timeline-arrow\"><s><\/s><l><\/l><\/div><div class=\"timeline-icon-block\"><div class=\"ult-timeline-icon tl-icon-no-bg\" style=\"   \"><\/div> <!-- icon --><\/div><div class=\"timeline-header-block\" >\n\t\t\t\t\t\t\t<div id=\"timeline-item-4371\" class=\"timeline-header\" style=\"\"><h2 class=\"ult-timeline-title ult-responsive\"  data-ultimate-target='#timeline-item-4371 .ult-timeline-title'  data-responsive-json-new='{\"font-size\":\"\",\"line-height\":\"\"}'  style=\"\">Entscheidung<\/h2><div class=\"ult-responsive timeline-item-spt\"  data-ultimate-target='#timeline-item-4371 .timeline-item-spt'  data-responsive-json-new='{\"font-size\":\"\",\"line-height\":\"\"}'  style=\"\">Ob wir einen Boardingpass f\u00fcr dich haben, sprich, ob wir denken, dass du die richtige Person f\u00fcr die Stelle bist oder nicht, dar\u00fcber geben wir dir so schnell wie m\u00f6glich eine R\u00fcckmeldung. Auch bei ungeplanten Verz\u00f6gerungen informieren wir dich und halten dich am Laufenden.<\/p>\n<p>Jedes potenzielle Crewmitglied bekommt am Ende des Bewerbungsprozesses eine R\u00fcckmeldung, versprochen!<\/div><\/div> <!-- header --><\/div><\/div><\/div><\/div>[\/vc_column][\/vc_row][vc_row][vc_column][vc_column_text]<\/p>\n<h2 style=\"text-align: center;\">Karriere @ RO-RA<\/h2>\n<p>[\/vc_column_text][\/vc_column][\/vc_row][vc_row][vc_column width=&#8220;1\/3&#8243;][vc_btn title=&#8220;Karriere @ RO-RA&#8220; align=&#8220;center&#8220; css_animation=&#8220;fadeInUpBig&#8220; button_block=&#8220;true&#8220; link=&#8220;url:https%3A%2F%2Fwww.ro-ra.com%2Fde%2Fkarriere%2Fkarriere-bei-ro-ra%2F|title:Karriere%20at%20RO-RA&#8220;][\/vc_column][vc_column width=&#8220;1\/3&#8243;][vc_btn title=&#8220;Freie Stellen&#8220; align=&#8220;center&#8220; css_animation=&#8220;fadeInUpBig&#8220; button_block=&#8220;true&#8220; link=&#8220;url:https%3A%2F%2Fwww.ro-ra.com%2Fde%2Fkarriere%2Ffreie-stellen%2F|title:Freie%20Stellen&#8220;][\/vc_column][vc_column width=&#8220;1\/3&#8243;][vc_btn title=&#8220;Lehre bei RO-RA&#8220; align=&#8220;center&#8220; css_animation=&#8220;fadeInUpBig&#8220; button_block=&#8220;true&#8220; link=&#8220;url:https%3A%2F%2Fwww.ro-ra.com%2Fde%2Fkarriere%2Flehre-bei-ro-ra%2F|title:Lehre%20bei%20RO-RA&#8220;][\/vc_column][\/vc_row][vc_row type=&#8220;vc_default&#8220; full_width=&#8220;stretch_row&#8220; el_class=&#8220;blue-box-form&#8220; css=&#8220;.vc_custom_1594629181582{margin-bottom: 80px !important;}&#8220;][vc_column css=&#8220;.vc_custom_1594736331003{margin-top: 80px !important;margin-bottom: 80px !important;}&#8220;][vc_column_text]<\/p>\n<h3 style=\"text-align: center;\">Falls du Fragen zu deiner Bewerbung hast, wende dich bitte an:<\/h3>\n<p>[\/vc_column_text][vc_row_inner][vc_column_inner width=&#8220;2\/5&#8243;][vc_single_image image=&#8220;3066&#8243; img_size=&#8220;120&#215;120&#8243; alignment=&#8220;right&#8220; style=&#8220;vc_box_circle&#8220; css=&#8220;&#8220; image_hovers=&#8220;false&#8220;][\/vc_column_inner][vc_column_inner width=&#8220;3\/5&#8243;][vc_column_text css=&#8220;&#8220;]<strong>Verena Zechmeister<\/strong><br \/>\nHuman Resources<br \/>\nTel: <a href=\"tel:+43766257888586\">+43 7662 57888 586<\/a><br \/>\n<a href=\"mailto:jobs@ro-ra.com\">jobs@ro-ra.com<\/a>[\/vc_column_text][\/vc_column_inner][\/vc_row_inner][\/vc_column][\/vc_row][vc_row][vc_column css=&#8220;.vc_custom_1599938347628{margin-top: 80px !important;}&#8220;][vc_separator color=&#8220;black&#8220;][\/vc_column][\/vc_row][vc_row][vc_column][vc_column_text]<\/p>\n<h2 style=\"text-align: center;\">Zum Corporate Newsroom<\/h2>\n<p>[\/vc_column_text][vc_masonry_grid post_type=&#8220;post&#8220; max_items=&#8220;3&#8243; gap=&#8220;35&#8243; item=&#8220;172&#8243; grid_id=&#8220;vc_gid:1750060390965-77d7523d-9075-5&#8243;][vc_btn title=&#8220;Corporate Newsroom&#8220; align=&#8220;center&#8220; link=&#8220;url:https%3A%2F%2Fwww.ro-ra.com%2Fde%2Fcorporate-newsroom%2F|title:Corporate%20Newsroom&#8220;][\/vc_column][\/vc_row][vc_row][vc_column][vc_empty_space height=&#8220;80&#8243;][\/vc_column][\/vc_row]<\/p>\n<\/div>","protected":false},"excerpt":{"rendered":"<p>[vc_row][vc_column][vc_column_text] Bewerbungsprozess bei RO-RA [\/vc_column_text][\/vc_column][\/vc_row][vc_row][vc_column css=&#8220;.vc_custom_1594737403046{margin-top: 80px !important;margin-bottom: 80px !important;}&#8220;][vc_column_text]Bitte verwende f\u00fcr deine Bewerbung immer unsere Online-Formulare. Du findest hier die konkreten Stellenausschreibungen und den Link zur Initiativbewerbung. Damit hilfst du uns auch, die Richtlinien der Datenschutzgrundverordnung einzuhalten.[\/vc_column_text][\/vc_column][\/vc_row][vc_row][vc_column][vc_column_text] Karriere @ RO-RA [\/vc_column_text][\/vc_column][\/vc_row][vc_row][vc_column width=&#8220;1\/3&#8243;][vc_btn title=&#8220;Karriere @ RO-RA&#8220; align=&#8220;center&#8220; css_animation=&#8220;fadeInUpBig&#8220; button_block=&#8220;true&#8220; link=&#8220;url:https%3A%2F%2Fwww.ro-ra.com%2Fde%2Fkarriere%2Fkarriere-bei-ro-ra%2F|title:Karriere%20at%20RO-RA&#8220;][\/vc_column][vc_column width=&#8220;1\/3&#8243;][vc_btn title=&#8220;Freie Stellen&#8220; align=&#8220;center&#8220; css_animation=&#8220;fadeInUpBig&#8220;&hellip;<\/p>\n","protected":false},"author":3,"featured_media":0,"parent":41,"menu_order":30,"comment_status":"closed","ping_status":"closed","template":"","meta":{"inline_featured_image":false,"footnotes":""},"class_list":["post-1483","page","type-page","status-publish","hentry","description-off"],"yoast_head":"<!-- This site is optimized with the Yoast SEO plugin v27.3 - https:\/\/yoast.com\/product\/yoast-seo-wordpress\/ -->\n<title>Bewerbungsprozess - RO-RA Aviation Systems<\/title>\n<meta name=\"robots\" content=\"index, follow, max-snippet:-1, max-image-preview:large, max-video-preview:-1\" \/>\n<link rel=\"canonical\" href=\"https:\/\/www.ro-ra.com\/de\/karriere\/bewerbungsprozess\/\" \/>\n<meta property=\"og:locale\" content=\"de_DE\" \/>\n<meta property=\"og:type\" content=\"article\" \/>\n<meta property=\"og:title\" content=\"Bewerbungsprozess - RO-RA Aviation Systems\" \/>\n<meta property=\"og:description\" content=\"[vc_row][vc_column][vc_column_text] Bewerbungsprozess bei RO-RA [\/vc_column_text][\/vc_column][\/vc_row][vc_row][vc_column css=&#8220;.vc_custom_1594737403046{margin-top: 80px !important;margin-bottom: 80px !important;}&#8220;][vc_column_text]Bitte verwende f\u00fcr deine Bewerbung immer unsere Online-Formulare. Du findest hier die konkreten Stellenausschreibungen und den Link zur Initiativbewerbung. Damit hilfst du uns auch, die Richtlinien der Datenschutzgrundverordnung einzuhalten.[\/vc_column_text][\/vc_column][\/vc_row][vc_row][vc_column][vc_column_text] Karriere @ RO-RA [\/vc_column_text][\/vc_column][\/vc_row][vc_row][vc_column width=&#8220;1\/3&#8243;][vc_btn title=&#8220;Karriere @ RO-RA&#8220; align=&#8220;center&#8220; css_animation=&#8220;fadeInUpBig&#8220; button_block=&#8220;true&#8220; link=&#8220;url:https%3A%2F%2Fwww.ro-ra.com%2Fde%2Fkarriere%2Fkarriere-bei-ro-ra%2F|title:Karriere%20at%20RO-RA&#8220;][\/vc_column][vc_column width=&#8220;1\/3&#8243;][vc_btn title=&#8220;Freie Stellen&#8220; align=&#8220;center&#8220; css_animation=&#8220;fadeInUpBig&#8220;&hellip;\" \/>\n<meta property=\"og:url\" content=\"https:\/\/www.ro-ra.com\/de\/karriere\/bewerbungsprozess\/\" \/>\n<meta property=\"og:site_name\" content=\"RO-RA Aviation Systems\" \/>\n<meta property=\"article:modified_time\" content=\"2025-06-16T08:10:52+00:00\" \/>\n<meta name=\"twitter:card\" content=\"summary_large_image\" \/>\n<meta name=\"twitter:label1\" content=\"Gesch\u00e4tzte Lesezeit\" \/>\n\t<meta name=\"twitter:data1\" content=\"3\u00a0Minuten\" \/>\n<script type=\"application\/ld+json\" class=\"yoast-schema-graph\">{\"@context\":\"https:\\\/\\\/schema.org\",\"@graph\":[{\"@type\":\"WebPage\",\"@id\":\"https:\\\/\\\/www.ro-ra.com\\\/de\\\/karriere\\\/bewerbungsprozess\\\/\",\"url\":\"https:\\\/\\\/www.ro-ra.com\\\/de\\\/karriere\\\/bewerbungsprozess\\\/\",\"name\":\"Bewerbungsprozess - RO-RA Aviation Systems\",\"isPartOf\":{\"@id\":\"https:\\\/\\\/www.ro-ra.com\\\/de\\\/#website\"},\"datePublished\":\"2020-09-12T19:07:19+00:00\",\"dateModified\":\"2025-06-16T08:10:52+00:00\",\"breadcrumb\":{\"@id\":\"https:\\\/\\\/www.ro-ra.com\\\/de\\\/karriere\\\/bewerbungsprozess\\\/#breadcrumb\"},\"inLanguage\":\"de\",\"potentialAction\":[{\"@type\":\"ReadAction\",\"target\":[\"https:\\\/\\\/www.ro-ra.com\\\/de\\\/karriere\\\/bewerbungsprozess\\\/\"]}]},{\"@type\":\"BreadcrumbList\",\"@id\":\"https:\\\/\\\/www.ro-ra.com\\\/de\\\/karriere\\\/bewerbungsprozess\\\/#breadcrumb\",\"itemListElement\":[{\"@type\":\"ListItem\",\"position\":1,\"name\":\"Startseite\",\"item\":\"https:\\\/\\\/www.ro-ra.com\\\/de\\\/\"},{\"@type\":\"ListItem\",\"position\":2,\"name\":\"Karriere\",\"item\":\"\\\/de\\\/karriere\\\/karriere-bei-ro-ra\\\/\"},{\"@type\":\"ListItem\",\"position\":3,\"name\":\"Bewerbungsprozess\"}]},{\"@type\":\"WebSite\",\"@id\":\"https:\\\/\\\/www.ro-ra.com\\\/de\\\/#website\",\"url\":\"https:\\\/\\\/www.ro-ra.com\\\/de\\\/\",\"name\":\"RO-RA Aviation Systems\",\"description\":\"Solutions through precision.\",\"publisher\":{\"@id\":\"https:\\\/\\\/www.ro-ra.com\\\/de\\\/#organization\"},\"potentialAction\":[{\"@type\":\"SearchAction\",\"target\":{\"@type\":\"EntryPoint\",\"urlTemplate\":\"https:\\\/\\\/www.ro-ra.com\\\/de\\\/?s={search_term_string}\"},\"query-input\":{\"@type\":\"PropertyValueSpecification\",\"valueRequired\":true,\"valueName\":\"search_term_string\"}}],\"inLanguage\":\"de\"},{\"@type\":\"Organization\",\"@id\":\"https:\\\/\\\/www.ro-ra.com\\\/de\\\/#organization\",\"name\":\"RO-RA Aviation Systems GmbH\",\"url\":\"https:\\\/\\\/www.ro-ra.com\\\/de\\\/\",\"logo\":{\"@type\":\"ImageObject\",\"inLanguage\":\"de\",\"@id\":\"https:\\\/\\\/www.ro-ra.com\\\/de\\\/#\\\/schema\\\/logo\\\/image\\\/\",\"url\":\"https:\\\/\\\/www.ro-ra.com\\\/wp-content\\\/uploads\\\/2020\\\/07\\\/RO-RA_Logo_RGB_300dpi.jpg\",\"contentUrl\":\"https:\\\/\\\/www.ro-ra.com\\\/wp-content\\\/uploads\\\/2020\\\/07\\\/RO-RA_Logo_RGB_300dpi.jpg\",\"width\":\"1182\",\"height\":\"709\",\"caption\":\"RO-RA Aviation Systems GmbH\"},\"image\":{\"@id\":\"https:\\\/\\\/www.ro-ra.com\\\/de\\\/#\\\/schema\\\/logo\\\/image\\\/\"}}]}<\/script>\n<!-- \/ Yoast SEO plugin. -->","yoast_head_json":{"title":"Bewerbungsprozess - RO-RA Aviation Systems","robots":{"index":"index","follow":"follow","max-snippet":"max-snippet:-1","max-image-preview":"max-image-preview:large","max-video-preview":"max-video-preview:-1"},"canonical":"https:\/\/www.ro-ra.com\/de\/karriere\/bewerbungsprozess\/","og_locale":"de_DE","og_type":"article","og_title":"Bewerbungsprozess - RO-RA Aviation Systems","og_description":"[vc_row][vc_column][vc_column_text] Bewerbungsprozess bei RO-RA [\/vc_column_text][\/vc_column][\/vc_row][vc_row][vc_column css=&#8220;.vc_custom_1594737403046{margin-top: 80px !important;margin-bottom: 80px !important;}&#8220;][vc_column_text]Bitte verwende f\u00fcr deine Bewerbung immer unsere Online-Formulare. Du findest hier die konkreten Stellenausschreibungen und den Link zur Initiativbewerbung. Damit hilfst du uns auch, die Richtlinien der Datenschutzgrundverordnung einzuhalten.[\/vc_column_text][\/vc_column][\/vc_row][vc_row][vc_column][vc_column_text] Karriere @ RO-RA [\/vc_column_text][\/vc_column][\/vc_row][vc_row][vc_column width=&#8220;1\/3&#8243;][vc_btn title=&#8220;Karriere @ RO-RA&#8220; align=&#8220;center&#8220; css_animation=&#8220;fadeInUpBig&#8220; button_block=&#8220;true&#8220; link=&#8220;url:https%3A%2F%2Fwww.ro-ra.com%2Fde%2Fkarriere%2Fkarriere-bei-ro-ra%2F|title:Karriere%20at%20RO-RA&#8220;][\/vc_column][vc_column width=&#8220;1\/3&#8243;][vc_btn title=&#8220;Freie Stellen&#8220; align=&#8220;center&#8220; css_animation=&#8220;fadeInUpBig&#8220;&hellip;","og_url":"https:\/\/www.ro-ra.com\/de\/karriere\/bewerbungsprozess\/","og_site_name":"RO-RA Aviation Systems","article_modified_time":"2025-06-16T08:10:52+00:00","twitter_card":"summary_large_image","twitter_misc":{"Gesch\u00e4tzte Lesezeit":"3\u00a0Minuten"},"schema":{"@context":"https:\/\/schema.org","@graph":[{"@type":"WebPage","@id":"https:\/\/www.ro-ra.com\/de\/karriere\/bewerbungsprozess\/","url":"https:\/\/www.ro-ra.com\/de\/karriere\/bewerbungsprozess\/","name":"Bewerbungsprozess - RO-RA Aviation Systems","isPartOf":{"@id":"https:\/\/www.ro-ra.com\/de\/#website"},"datePublished":"2020-09-12T19:07:19+00:00","dateModified":"2025-06-16T08:10:52+00:00","breadcrumb":{"@id":"https:\/\/www.ro-ra.com\/de\/karriere\/bewerbungsprozess\/#breadcrumb"},"inLanguage":"de","potentialAction":[{"@type":"ReadAction","target":["https:\/\/www.ro-ra.com\/de\/karriere\/bewerbungsprozess\/"]}]},{"@type":"BreadcrumbList","@id":"https:\/\/www.ro-ra.com\/de\/karriere\/bewerbungsprozess\/#breadcrumb","itemListElement":[{"@type":"ListItem","position":1,"name":"Startseite","item":"https:\/\/www.ro-ra.com\/de\/"},{"@type":"ListItem","position":2,"name":"Karriere","item":"\/de\/karriere\/karriere-bei-ro-ra\/"},{"@type":"ListItem","position":3,"name":"Bewerbungsprozess"}]},{"@type":"WebSite","@id":"https:\/\/www.ro-ra.com\/de\/#website","url":"https:\/\/www.ro-ra.com\/de\/","name":"RO-RA Aviation Systems","description":"Solutions through precision.","publisher":{"@id":"https:\/\/www.ro-ra.com\/de\/#organization"},"potentialAction":[{"@type":"SearchAction","target":{"@type":"EntryPoint","urlTemplate":"https:\/\/www.ro-ra.com\/de\/?s={search_term_string}"},"query-input":{"@type":"PropertyValueSpecification","valueRequired":true,"valueName":"search_term_string"}}],"inLanguage":"de"},{"@type":"Organization","@id":"https:\/\/www.ro-ra.com\/de\/#organization","name":"RO-RA Aviation Systems GmbH","url":"https:\/\/www.ro-ra.com\/de\/","logo":{"@type":"ImageObject","inLanguage":"de","@id":"https:\/\/www.ro-ra.com\/de\/#\/schema\/logo\/image\/","url":"https:\/\/www.ro-ra.com\/wp-content\/uploads\/2020\/07\/RO-RA_Logo_RGB_300dpi.jpg","contentUrl":"https:\/\/www.ro-ra.com\/wp-content\/uploads\/2020\/07\/RO-RA_Logo_RGB_300dpi.jpg","width":"1182","height":"709","caption":"RO-RA Aviation Systems GmbH"},"image":{"@id":"https:\/\/www.ro-ra.com\/de\/#\/schema\/logo\/image\/"}}]}},"_links":{"self":[{"href":"https:\/\/www.ro-ra.com\/de\/wp-json\/wp\/v2\/pages\/1483","targetHints":{"allow":["GET"]}}],"collection":[{"href":"https:\/\/www.ro-ra.com\/de\/wp-json\/wp\/v2\/pages"}],"about":[{"href":"https:\/\/www.ro-ra.com\/de\/wp-json\/wp\/v2\/types\/page"}],"author":[{"embeddable":true,"href":"https:\/\/www.ro-ra.com\/de\/wp-json\/wp\/v2\/users\/3"}],"replies":[{"embeddable":true,"href":"https:\/\/www.ro-ra.com\/de\/wp-json\/wp\/v2\/comments?post=1483"}],"version-history":[{"count":3,"href":"https:\/\/www.ro-ra.com\/de\/wp-json\/wp\/v2\/pages\/1483\/revisions"}],"predecessor-version":[{"id":3701,"href":"https:\/\/www.ro-ra.com\/de\/wp-json\/wp\/v2\/pages\/1483\/revisions\/3701"}],"up":[{"embeddable":true,"href":"https:\/\/www.ro-ra.com\/de\/wp-json\/wp\/v2\/pages\/41"}],"wp:attachment":[{"href":"https:\/\/www.ro-ra.com\/de\/wp-json\/wp\/v2\/media?parent=1483"}],"curies":[{"name":"wp","href":"https:\/\/api.w.org\/{rel}","templated":true}]}}