{"id":129,"date":"2020-07-03T15:11:47","date_gmt":"2020-07-03T13:11:47","guid":{"rendered":"https:\/\/www.ro-ra.com\/?page_id=129"},"modified":"2026-03-03T08:17:34","modified_gmt":"2026-03-03T07:17:34","slug":"freie-stellen","status":"publish","type":"page","link":"https:\/\/www.ro-ra.com\/de\/karriere\/freie-stellen\/","title":{"rendered":"Freie Stellen"},"content":{"rendered":"<div class=\"wpb-content-wrapper\"><p>[vc_row][vc_column][vc_column_text]<\/p>\n<h1 style=\"text-align: center;\">Freie Stellen bei RO-RA<\/h1>\n<p>[\/vc_column_text][\/vc_column][\/vc_row][vc_row][vc_column][vc_column_text]<\/p>\n<h2>Aktuelle Jobangebote:<\/h2>\n<p>[\/vc_column_text][vc_raw_html]JTVCV3BKb2JzbGlzdCU1RA==[\/vc_raw_html][\/vc_column][\/vc_row][vc_row][vc_column css=&#8220;.vc_custom_1594381984980{margin-top: 80px !important;margin-bottom: 80px !important;}&#8220; el_class=&#8220;special-image-right&#8220;][vc_column_text]<\/p>\n<h2>Initiativbewerbung:<\/h2>\n<p>[\/vc_column_text][vc_column_text]Auch wenn gerade nicht die passende Stelle ausgeschrieben ist, wird manchmal unverhofft ein Sitzplatz bei RO-RA frei und dann bist du deinem Boardingpass schon ein St\u00fcck n\u00e4her. Es werden auch offene Stellen aus den bereits vorliegenden Bewerbungen besetzt.[\/vc_column_text][vc_row_inner el_class=&#8220;text-with-images-top-left&#8220;][vc_column_inner width=&#8220;1\/3&#8243;][vc_btn title=&#8220;Verwaltung \/ Administration&#8220; align=&#8220;center&#8220; css_animation=&#8220;fadeInUpBig&#8220; css=&#8220;&#8220; button_block=&#8220;true&#8220; link=&#8220;url:https%3A%2F%2Fcore.ro-ra.com%2Fpublicapi%2Fjob-postings%2Fapplication-form%2F5|title:Initiativbewerbung%20Verwaltung&#8220;][\/vc_column_inner][vc_column_inner width=&#8220;1\/3&#8243;][vc_btn title=&#8220;Produktion \/ Technik&#8220; align=&#8220;center&#8220; css_animation=&#8220;fadeInUpBig&#8220; css=&#8220;&#8220; button_block=&#8220;true&#8220; link=&#8220;url:https%3A%2F%2Fcore.ro-ra.com%2Fpublicapi%2Fjob-postings%2Fapplication-form%2F8|title:Initiativbewerbung%20Produktion&#8220;][\/vc_column_inner][vc_column_inner width=&#8220;1\/3&#8243;][vc_btn title=&#8220;Praktikum\/Ferialarbeit&#8220; align=&#8220;center&#8220; css_animation=&#8220;fadeInUpBig&#8220; button_block=&#8220;true&#8220; link=&#8220;url:https%3A%2F%2Fcore.ro-ra.com%2Fpublicapi%2Fjob-postings%2Fapplication-form%2F16|title:Praktikum%2FFerialarbeit&#8220;][\/vc_column_inner][\/vc_row_inner][\/vc_column][\/vc_row][vc_row][vc_column width=&#8220;1\/6&#8243;][\/vc_column][vc_column width=&#8220;2\/3&#8243;][vc_single_image image=&#8220;2998&#8243; alignment=&#8220;center&#8220; css_animation=&#8220;fadeInRight&#8220; css=&#8220;&#8220;][\/vc_column][vc_column width=&#8220;1\/6&#8243;][\/vc_column][\/vc_row][vc_row][vc_column][vc_column_text css=&#8220;.vc_custom_1599935727166{padding-top: 80px !important;}&#8220;]<\/p>\n<h2 style=\"text-align: left;\">Was wir noch bieten:<\/h2>\n<p>[\/vc_column_text][vc_tta_accordion][vc_tta_section title=&#8220;Berufspraktika &amp; Ferialjobs&#8220; tab_id=&#8220;1594193009306-d35af0a7-4e628913-ada6&#8243;][vc_column_text]Den Zeitraum und die Dauer, mehrere Wochen oder Monate, stimmen wir individuell mit dir ab. Bitte bewerbe dich hier.[\/vc_column_text][vc_btn title=&#8220;Praktikum\/Ferialarbeit&#8220; align=&#8220;left&#8220; css_animation=&#8220;none&#8220; link=&#8220;url:https%3A%2F%2Fcore.ro-ra.com%2Fpublicapi%2Fjob-postings%2Fapplication-form%2F16|title:Praktikum%2FFerialarbeit&#8220;][\/vc_tta_section][vc_tta_section title=&#8220;Diplomarbeiten&#8220; tab_id=&#8220;1594193009322-807fb04b-62288913-ada6&#8243;][vc_column_text css=&#8220;&#8220;]Wenn du ein spannendes Thema hast, das f\u00fcr unseren Produktionsbereich oder unsere Entwicklung interessant sein k\u00f6nnte, dann bewirb dich bitte hier.[\/vc_column_text][vc_btn title=&#8220;Praktikum\/Ferialarbeit&#8220; align=&#8220;left&#8220; css_animation=&#8220;none&#8220; link=&#8220;url:https%3A%2F%2Fcore.ro-ra.com%2Fpublicapi%2Fjob-postings%2Fapplication-form%2F16|title:Praktikum%2FFerialarbeit&#8220;][\/vc_tta_section][vc_tta_section title=&#8220;Werkstudenten (nach Bedarf)&#8220; tab_id=&#8220;1594193496647-4065bd52-d77a8913-ada6&#8243;][vc_column_text css=&#8220;&#8220;]In der lehrveranstaltungsfreien Zeit erlernst du w\u00e4hrend der Dauer des Studiums bereits praktische F\u00e4higkeiten und verdienst dein eigenes Geld. Studienpl\u00e4tze werden immer individuell ausgeschrieben.[\/vc_column_text][\/vc_tta_section][vc_tta_section title=&#8220;Lehrlingsausbildung&#8220; tab_id=&#8220;1594193523780-fee42c9a-a5f18913-ada6&#8243;][vc_column_text]Besuche bitte dazu unsere Lehrlingsseite:[\/vc_column_text][vc_btn title=&#8220;Werde Lehrling&#8220; align=&#8220;left&#8220; css_animation=&#8220;none&#8220; link=&#8220;url:https%3A%2F%2Fwww.ro-ra.com%2Fde%2Fkarriere%2Flehre-bei-ro-ra%2F|title:Werde%20Lehrling&#8220;][\/vc_tta_section][\/vc_tta_accordion][\/vc_column][\/vc_row][vc_row][vc_column offset=&#8220;vc_hidden-lg vc_hidden-md vc_hidden-sm vc_hidden-xs&#8220;][\/vc_column][\/vc_row][vc_row type=&#8220;vc_default&#8220; full_width=&#8220;stretch_row&#8220; el_class=&#8220;blue-box-form&#8220; css=&#8220;.vc_custom_1594629181582{margin-bottom: 80px !important;}&#8220;][vc_column css=&#8220;.vc_custom_1594736331003{margin-top: 80px !important;margin-bottom: 80px !important;}&#8220;][vc_column_text]<\/p>\n<h3 style=\"text-align: center;\">Falls du Fragen zu deiner Bewerbung oder einem Lehrberuf hast, wende dich bitte an:<\/h3>\n<p>[\/vc_column_text][vc_row_inner][vc_column_inner width=&#8220;2\/5&#8243;][vc_single_image image=&#8220;3066&#8243; img_size=&#8220;120&#215;120&#8243; alignment=&#8220;right&#8220; style=&#8220;vc_box_circle&#8220; css=&#8220;&#8220; image_hovers=&#8220;false&#8220;][\/vc_column_inner][vc_column_inner width=&#8220;3\/5&#8243;][vc_column_text css=&#8220;&#8220;]<strong>Verena Zechmeister<\/strong><br \/>\nHuman Resources<br \/>\nTel: <a href=\"tel:+43766257888586\">+43 7662 57888 586<\/a><br \/>\n<a href=\"mailto:jobs@ro-ra.com\">jobs@ro-ra.com<\/a>[\/vc_column_text][\/vc_column_inner][\/vc_row_inner][\/vc_column][\/vc_row]<\/p>\n<\/div>","protected":false},"excerpt":{"rendered":"<p>[vc_row][vc_column][vc_column_text] Freie Stellen bei RO-RA [\/vc_column_text][\/vc_column][\/vc_row][vc_row][vc_column][vc_column_text] Aktuelle Jobangebote: [\/vc_column_text][vc_raw_html]JTVCV3BKb2JzbGlzdCU1RA==[\/vc_raw_html][\/vc_column][\/vc_row][vc_row][vc_column css=&#8220;.vc_custom_1594381984980{margin-top: 80px !important;margin-bottom: 80px !important;}&#8220; el_class=&#8220;special-image-right&#8220;][vc_column_text] Initiativbewerbung: [\/vc_column_text][vc_column_text]Auch wenn gerade nicht die passende Stelle ausgeschrieben ist, wird manchmal unverhofft ein Sitzplatz bei RO-RA frei und dann bist du deinem Boardingpass schon ein St\u00fcck n\u00e4her. Es werden auch offene Stellen aus den bereits vorliegenden Bewerbungen besetzt.[\/vc_column_text][vc_row_inner el_class=&#8220;text-with-images-top-left&#8220;][vc_column_inner&hellip;<\/p>\n","protected":false},"author":3,"featured_media":0,"parent":41,"menu_order":32,"comment_status":"closed","ping_status":"closed","template":"","meta":{"inline_featured_image":false,"footnotes":""},"class_list":["post-129","page","type-page","status-publish","hentry","description-off"],"yoast_head":"<!-- This site is optimized with the Yoast SEO plugin v27.3 - https:\/\/yoast.com\/product\/yoast-seo-wordpress\/ -->\n<title>Freie Stellen - RO-RA Aviation Systems<\/title>\n<meta name=\"robots\" content=\"index, follow, max-snippet:-1, max-image-preview:large, max-video-preview:-1\" \/>\n<link rel=\"canonical\" href=\"https:\/\/www.ro-ra.com\/de\/karriere\/freie-stellen\/\" \/>\n<meta property=\"og:locale\" content=\"de_DE\" \/>\n<meta property=\"og:type\" content=\"article\" \/>\n<meta property=\"og:title\" content=\"Freie Stellen - RO-RA Aviation Systems\" \/>\n<meta property=\"og:description\" content=\"[vc_row][vc_column][vc_column_text] Freie Stellen bei RO-RA [\/vc_column_text][\/vc_column][\/vc_row][vc_row][vc_column][vc_column_text] Aktuelle Jobangebote: [\/vc_column_text][vc_raw_html]JTVCV3BKb2JzbGlzdCU1RA==[\/vc_raw_html][\/vc_column][\/vc_row][vc_row][vc_column css=&#8220;.vc_custom_1594381984980{margin-top: 80px !important;margin-bottom: 80px !important;}&#8220; el_class=&#8220;special-image-right&#8220;][vc_column_text] Initiativbewerbung: [\/vc_column_text][vc_column_text]Auch wenn gerade nicht die passende Stelle ausgeschrieben ist, wird manchmal unverhofft ein Sitzplatz bei RO-RA frei und dann bist du deinem Boardingpass schon ein St\u00fcck n\u00e4her. Es werden auch offene Stellen aus den bereits vorliegenden Bewerbungen besetzt.[\/vc_column_text][vc_row_inner el_class=&#8220;text-with-images-top-left&#8220;][vc_column_inner&hellip;\" \/>\n<meta property=\"og:url\" content=\"https:\/\/www.ro-ra.com\/de\/karriere\/freie-stellen\/\" \/>\n<meta property=\"og:site_name\" content=\"RO-RA Aviation Systems\" \/>\n<meta property=\"article:modified_time\" content=\"2026-03-03T07:17:34+00:00\" \/>\n<meta name=\"twitter:card\" content=\"summary_large_image\" \/>\n<meta name=\"twitter:label1\" content=\"Gesch\u00e4tzte Lesezeit\" \/>\n\t<meta name=\"twitter:data1\" content=\"2\u00a0Minuten\" \/>\n<script type=\"application\/ld+json\" class=\"yoast-schema-graph\">{\"@context\":\"https:\\\/\\\/schema.org\",\"@graph\":[{\"@type\":\"WebPage\",\"@id\":\"https:\\\/\\\/www.ro-ra.com\\\/de\\\/karriere\\\/freie-stellen\\\/\",\"url\":\"https:\\\/\\\/www.ro-ra.com\\\/de\\\/karriere\\\/freie-stellen\\\/\",\"name\":\"Freie Stellen - RO-RA Aviation Systems\",\"isPartOf\":{\"@id\":\"https:\\\/\\\/www.ro-ra.com\\\/de\\\/#website\"},\"datePublished\":\"2020-07-03T13:11:47+00:00\",\"dateModified\":\"2026-03-03T07:17:34+00:00\",\"breadcrumb\":{\"@id\":\"https:\\\/\\\/www.ro-ra.com\\\/de\\\/karriere\\\/freie-stellen\\\/#breadcrumb\"},\"inLanguage\":\"de\",\"potentialAction\":[{\"@type\":\"ReadAction\",\"target\":[\"https:\\\/\\\/www.ro-ra.com\\\/de\\\/karriere\\\/freie-stellen\\\/\"]}]},{\"@type\":\"BreadcrumbList\",\"@id\":\"https:\\\/\\\/www.ro-ra.com\\\/de\\\/karriere\\\/freie-stellen\\\/#breadcrumb\",\"itemListElement\":[{\"@type\":\"ListItem\",\"position\":1,\"name\":\"Startseite\",\"item\":\"https:\\\/\\\/www.ro-ra.com\\\/de\\\/\"},{\"@type\":\"ListItem\",\"position\":2,\"name\":\"Karriere\",\"item\":\"\\\/de\\\/karriere\\\/karriere-bei-ro-ra\\\/\"},{\"@type\":\"ListItem\",\"position\":3,\"name\":\"Freie Stellen\"}]},{\"@type\":\"WebSite\",\"@id\":\"https:\\\/\\\/www.ro-ra.com\\\/de\\\/#website\",\"url\":\"https:\\\/\\\/www.ro-ra.com\\\/de\\\/\",\"name\":\"RO-RA Aviation Systems\",\"description\":\"Solutions through precision.\",\"publisher\":{\"@id\":\"https:\\\/\\\/www.ro-ra.com\\\/de\\\/#organization\"},\"potentialAction\":[{\"@type\":\"SearchAction\",\"target\":{\"@type\":\"EntryPoint\",\"urlTemplate\":\"https:\\\/\\\/www.ro-ra.com\\\/de\\\/?s={search_term_string}\"},\"query-input\":{\"@type\":\"PropertyValueSpecification\",\"valueRequired\":true,\"valueName\":\"search_term_string\"}}],\"inLanguage\":\"de\"},{\"@type\":\"Organization\",\"@id\":\"https:\\\/\\\/www.ro-ra.com\\\/de\\\/#organization\",\"name\":\"RO-RA Aviation Systems GmbH\",\"url\":\"https:\\\/\\\/www.ro-ra.com\\\/de\\\/\",\"logo\":{\"@type\":\"ImageObject\",\"inLanguage\":\"de\",\"@id\":\"https:\\\/\\\/www.ro-ra.com\\\/de\\\/#\\\/schema\\\/logo\\\/image\\\/\",\"url\":\"https:\\\/\\\/www.ro-ra.com\\\/wp-content\\\/uploads\\\/2020\\\/07\\\/RO-RA_Logo_RGB_300dpi.jpg\",\"contentUrl\":\"https:\\\/\\\/www.ro-ra.com\\\/wp-content\\\/uploads\\\/2020\\\/07\\\/RO-RA_Logo_RGB_300dpi.jpg\",\"width\":\"1182\",\"height\":\"709\",\"caption\":\"RO-RA Aviation Systems GmbH\"},\"image\":{\"@id\":\"https:\\\/\\\/www.ro-ra.com\\\/de\\\/#\\\/schema\\\/logo\\\/image\\\/\"}}]}<\/script>\n<!-- \/ Yoast SEO plugin. -->","yoast_head_json":{"title":"Freie Stellen - RO-RA Aviation Systems","robots":{"index":"index","follow":"follow","max-snippet":"max-snippet:-1","max-image-preview":"max-image-preview:large","max-video-preview":"max-video-preview:-1"},"canonical":"https:\/\/www.ro-ra.com\/de\/karriere\/freie-stellen\/","og_locale":"de_DE","og_type":"article","og_title":"Freie Stellen - RO-RA Aviation Systems","og_description":"[vc_row][vc_column][vc_column_text] Freie Stellen bei RO-RA [\/vc_column_text][\/vc_column][\/vc_row][vc_row][vc_column][vc_column_text] Aktuelle Jobangebote: [\/vc_column_text][vc_raw_html]JTVCV3BKb2JzbGlzdCU1RA==[\/vc_raw_html][\/vc_column][\/vc_row][vc_row][vc_column css=&#8220;.vc_custom_1594381984980{margin-top: 80px !important;margin-bottom: 80px !important;}&#8220; el_class=&#8220;special-image-right&#8220;][vc_column_text] Initiativbewerbung: [\/vc_column_text][vc_column_text]Auch wenn gerade nicht die passende Stelle ausgeschrieben ist, wird manchmal unverhofft ein Sitzplatz bei RO-RA frei und dann bist du deinem Boardingpass schon ein St\u00fcck n\u00e4her. Es werden auch offene Stellen aus den bereits vorliegenden Bewerbungen besetzt.[\/vc_column_text][vc_row_inner el_class=&#8220;text-with-images-top-left&#8220;][vc_column_inner&hellip;","og_url":"https:\/\/www.ro-ra.com\/de\/karriere\/freie-stellen\/","og_site_name":"RO-RA Aviation Systems","article_modified_time":"2026-03-03T07:17:34+00:00","twitter_card":"summary_large_image","twitter_misc":{"Gesch\u00e4tzte Lesezeit":"2\u00a0Minuten"},"schema":{"@context":"https:\/\/schema.org","@graph":[{"@type":"WebPage","@id":"https:\/\/www.ro-ra.com\/de\/karriere\/freie-stellen\/","url":"https:\/\/www.ro-ra.com\/de\/karriere\/freie-stellen\/","name":"Freie Stellen - RO-RA Aviation Systems","isPartOf":{"@id":"https:\/\/www.ro-ra.com\/de\/#website"},"datePublished":"2020-07-03T13:11:47+00:00","dateModified":"2026-03-03T07:17:34+00:00","breadcrumb":{"@id":"https:\/\/www.ro-ra.com\/de\/karriere\/freie-stellen\/#breadcrumb"},"inLanguage":"de","potentialAction":[{"@type":"ReadAction","target":["https:\/\/www.ro-ra.com\/de\/karriere\/freie-stellen\/"]}]},{"@type":"BreadcrumbList","@id":"https:\/\/www.ro-ra.com\/de\/karriere\/freie-stellen\/#breadcrumb","itemListElement":[{"@type":"ListItem","position":1,"name":"Startseite","item":"https:\/\/www.ro-ra.com\/de\/"},{"@type":"ListItem","position":2,"name":"Karriere","item":"\/de\/karriere\/karriere-bei-ro-ra\/"},{"@type":"ListItem","position":3,"name":"Freie Stellen"}]},{"@type":"WebSite","@id":"https:\/\/www.ro-ra.com\/de\/#website","url":"https:\/\/www.ro-ra.com\/de\/","name":"RO-RA Aviation Systems","description":"Solutions through precision.","publisher":{"@id":"https:\/\/www.ro-ra.com\/de\/#organization"},"potentialAction":[{"@type":"SearchAction","target":{"@type":"EntryPoint","urlTemplate":"https:\/\/www.ro-ra.com\/de\/?s={search_term_string}"},"query-input":{"@type":"PropertyValueSpecification","valueRequired":true,"valueName":"search_term_string"}}],"inLanguage":"de"},{"@type":"Organization","@id":"https:\/\/www.ro-ra.com\/de\/#organization","name":"RO-RA Aviation Systems GmbH","url":"https:\/\/www.ro-ra.com\/de\/","logo":{"@type":"ImageObject","inLanguage":"de","@id":"https:\/\/www.ro-ra.com\/de\/#\/schema\/logo\/image\/","url":"https:\/\/www.ro-ra.com\/wp-content\/uploads\/2020\/07\/RO-RA_Logo_RGB_300dpi.jpg","contentUrl":"https:\/\/www.ro-ra.com\/wp-content\/uploads\/2020\/07\/RO-RA_Logo_RGB_300dpi.jpg","width":"1182","height":"709","caption":"RO-RA Aviation Systems GmbH"},"image":{"@id":"https:\/\/www.ro-ra.com\/de\/#\/schema\/logo\/image\/"}}]}},"_links":{"self":[{"href":"https:\/\/www.ro-ra.com\/de\/wp-json\/wp\/v2\/pages\/129","targetHints":{"allow":["GET"]}}],"collection":[{"href":"https:\/\/www.ro-ra.com\/de\/wp-json\/wp\/v2\/pages"}],"about":[{"href":"https:\/\/www.ro-ra.com\/de\/wp-json\/wp\/v2\/types\/page"}],"author":[{"embeddable":true,"href":"https:\/\/www.ro-ra.com\/de\/wp-json\/wp\/v2\/users\/3"}],"replies":[{"embeddable":true,"href":"https:\/\/www.ro-ra.com\/de\/wp-json\/wp\/v2\/comments?post=129"}],"version-history":[{"count":19,"href":"https:\/\/www.ro-ra.com\/de\/wp-json\/wp\/v2\/pages\/129\/revisions"}],"predecessor-version":[{"id":3840,"href":"https:\/\/www.ro-ra.com\/de\/wp-json\/wp\/v2\/pages\/129\/revisions\/3840"}],"up":[{"embeddable":true,"href":"https:\/\/www.ro-ra.com\/de\/wp-json\/wp\/v2\/pages\/41"}],"wp:attachment":[{"href":"https:\/\/www.ro-ra.com\/de\/wp-json\/wp\/v2\/media?parent=129"}],"curies":[{"name":"wp","href":"https:\/\/api.w.org\/{rel}","templated":true}]}}