{"id":1159,"date":"2020-08-17T13:29:58","date_gmt":"2020-08-17T11:29:58","guid":{"rendered":"https:\/\/www.ro-ra.com\/?page_id=1159"},"modified":"2020-11-03T11:01:03","modified_gmt":"2020-11-03T10:01:03","slug":"technologien-und-digitalisierung","status":"publish","type":"page","link":"https:\/\/www.ro-ra.com\/de\/technologien-und-digitalisierung\/","title":{"rendered":"Technologien &#038; Digitalisierung"},"content":{"rendered":"<div class=\"wpb-content-wrapper\"><p>[vc_row][vc_column][vc_column_text]<\/p>\n<h1 style=\"text-align: center;\">Technologischer Fokus &amp; digitale L\u00f6sungen bei RO-RA<\/h1>\n<p>[\/vc_column_text][\/vc_column][\/vc_row][vc_row type=&#8220;vc_default&#8220; gap=&#8220;30&#8243;][vc_column][vc_column_text]<\/p>\n<h2 style=\"text-align: center;\">Unsere Technologien, verbunden mit der digitalen Welt<\/h2>\n<h3 style=\"text-align: center;\">RO-RA lebt bereits die Zukunft der Luftfahrtindustrie!<\/h3>\n<p>[\/vc_column_text][vc_column_text]Die Luftfahrtindustrie ist mitten in der digitalen Revolution angekommen. Als mittelst\u00e4ndisches Unternehmen sehen wir durch die digitale Transformation die M\u00f6glichkeiten, die Grundlagen f\u00fcr neuartige Gesch\u00e4ftsmodelle sowie Dienstleistungen zu entwickeln und unseren Kunden anzubieten. Wir schaffen Voraussetzungen f\u00fcr intelligente, innovative und kundenorientierte Produkte und Dienstleistungen.<\/p>\n<p>Die Digitalisierung bietet uns die M\u00f6glichkeit, Entwicklungskosten zu optimieren. Gleichzeitig erlaubt die Digitalisierung Verbesserungen f\u00fcr ein effizientes Time-to-Market bei Produktinnovationen.<\/p>\n<p>Die Herstellkosten werden durch die Vernetzung der Engineering Datenstruktur und unserer Automationen verbessert. Die intelligente Automatisierung und Vernetzung von Daten und Maschinen sind dabei ein zentraler Eckpfeiler.[\/vc_column_text][vc_single_image image=&#8220;1403&#8243; img_size=&#8220;700&#215;420&#8243; alignment=&#8220;center&#8220; css_animation=&#8220;fadeIn&#8220;][\/vc_column][\/vc_row][vc_row][vc_column el_class=&#8220;special-image-right&#8220;][vc_column_text]<\/p>\n<h2 style=\"text-align: center;\">Mensch und Maschine \u2013 zwei Erfolgsfaktoren<\/h2>\n<h3 style=\"text-align: center;\">Digitalisierung bei Ro-RA<\/h3>\n<p>[\/vc_column_text][vc_row_inner el_class=&#8220;special-image-right&#8220;][vc_column_inner][vc_single_image image=&#8220;1401&#8243; img_size=&#8220;700&#215;420&#8243;][vc_column_text]F\u00fcr unser junges Team ist die digitale Transformation eine Selbstverst\u00e4ndlichkeit. Durch die flache Hierarchie unseres Unternehmens bildet sich eine hohe Dynamik, sowohl Gesch\u00e4ftsprozesse als auch Produktinnovationen mehr und mehr zu digitalisieren.<\/p>\n<p>Die Implementierung einer neuen PLM L\u00f6sung schafft die Grundlagen f\u00fcr ein effizientes Model Based Engineering.<br \/>\nDie digitale Integration unseres CAQ Systems vervollst\u00e4ndigt die Wertsch\u00f6pfungskette.<br \/>\nUnser modernes ERP System mit integriertem MIS erm\u00f6glicht uns eine schnelle Datenanalyse und Erh\u00f6hung des Service- und Flexibilit\u00e4tsgrades.<\/p>\n<p>Bots unterst\u00fctzen uns bei der administrativen Abwicklung einfacher Aufgaben und geben den Mitarbeitern Freiraum sich auf neue Aufgaben zu konzentrieren und an der Weiterentwicklung des Unternehmens zu arbeiten.[\/vc_column_text][\/vc_column_inner][\/vc_row_inner][\/vc_column][\/vc_row][vc_row][vc_column el_class=&#8220;special-image-left&#8220;][vc_column_text]<\/p>\n<h2 style=\"text-align: center;\">Erfolgreiche Umsetzung von innovativer Produkte und Technologien<\/h2>\n<p>[\/vc_column_text][vc_column_text]<\/p>\n<p style=\"text-align: left;\">Die Konstruktion und Industrialisierung (CAM Programmierungen, Messtechnologien und Pr\u00fcfplanung) erfolgt digital in Form von Model Based Engineering. Die Verwaltung der Entwicklungsdaten und der Anforderungen erfolgt mit einem modernen PLM System. \u00c4nderungen k\u00f6nnen \u00fcber den gesamten Lifecycle schnell abgewickelt werden.<\/p>\n<p style=\"text-align: left;\">Neben den Produktentwicklungen f\u00fcr unsere Kunden entwickeln wir Eigenprodukte, die in modularer Bauweise einen Mehrwert f\u00fcr unsere Kunden bieten.<\/p>\n<p style=\"text-align: left;\">Der Aufbau von Digital Twins in der Produkt- und Prozessentwicklung inklusive der Programmierung von Algorithmen und Metamodellen erm\u00f6glicht eine digitale Qualifikation von Produkten \u2013 daran arbeiten wir mit unseren Kunden, um Entwicklungsaufw\u00e4nde zu beseitigen und Time-to-Market zu verbessern.<\/p>\n<p>[\/vc_column_text][vc_row_inner gap=&#8220;30&#8243; css=&#8220;.vc_custom_1594381676209{margin-bottom: 80px !important;}&#8220;][vc_column_inner width=&#8220;1\/6&#8243;][\/vc_column_inner][vc_column_inner width=&#8220;2\/3&#8243;][vc_single_image image=&#8220;1548&#8243; img_size=&#8220;full&#8220; alignment=&#8220;center&#8220; css_animation=&#8220;fadeInRightBig&#8220;][\/vc_column_inner][vc_column_inner width=&#8220;1\/6&#8243;][\/vc_column_inner][\/vc_row_inner][\/vc_column][\/vc_row][vc_row][vc_column][vc_separator color=&#8220;black&#8220;][\/vc_column][\/vc_row][vc_row animation=&#8220;fadeInUp&#8220; el_class=&#8220;portfolio-buttons&#8220;][vc_column][vc_column_text]<\/p>\n<h2 style=\"text-align: center;\">Unsere Kompetenzen<\/h2>\n<p>[\/vc_column_text][vc_masonry_grid post_type=&#8220;dt_portfolio&#8220; max_items=&#8220;10&#8243; orderby=&#8220;menu_order&#8220; item=&#8220;2178&#8243; grid_id=&#8220;vc_gid:1604397632987-531edadc-2e94-8&#8243; exclude=&#8220;290, 2244&#8243; el_class=&#8220;portfolio-list&#8220;][\/vc_column][\/vc_row]<\/p>\n<\/div>","protected":false},"excerpt":{"rendered":"<p>[vc_row][vc_column][vc_column_text] Technologischer Fokus &amp; digitale L\u00f6sungen bei RO-RA [\/vc_column_text][\/vc_column][\/vc_row][vc_row type=&#8220;vc_default&#8220; gap=&#8220;30&#8243;][vc_column][vc_column_text] Unsere Technologien, verbunden mit der digitalen Welt RO-RA lebt bereits die Zukunft der Luftfahrtindustrie! [\/vc_column_text][vc_column_text]Die Luftfahrtindustrie ist mitten in der digitalen Revolution angekommen. Als mittelst\u00e4ndisches Unternehmen sehen wir durch die digitale Transformation die M\u00f6glichkeiten, die Grundlagen f\u00fcr neuartige Gesch\u00e4ftsmodelle sowie Dienstleistungen zu entwickeln und&hellip;<\/p>\n","protected":false},"author":3,"featured_media":0,"parent":0,"menu_order":32,"comment_status":"closed","ping_status":"closed","template":"","meta":{"inline_featured_image":false,"footnotes":""},"class_list":["post-1159","page","type-page","status-publish","hentry","description-off"],"yoast_head":"<!-- This site is optimized with the Yoast SEO plugin v27.4 - https:\/\/yoast.com\/product\/yoast-seo-wordpress\/ -->\n<title>Digitalisierung \u2013 RO-RA Aviation Systems<\/title>\n<meta name=\"description\" content=\"Die Erfolgsformel unserer Digitalisierungsstrategie ist Model Based Engineering, Digital Controlling &amp; Digital Business Processes. Erfahren Sie mehr..\" \/>\n<meta name=\"robots\" content=\"index, follow, max-snippet:-1, max-image-preview:large, max-video-preview:-1\" \/>\n<link rel=\"canonical\" href=\"https:\/\/www.ro-ra.com\/de\/technologien-und-digitalisierung\/\" \/>\n<meta property=\"og:locale\" content=\"de_DE\" \/>\n<meta property=\"og:type\" content=\"article\" \/>\n<meta property=\"og:title\" content=\"Digitalisierung \u2013 RO-RA Aviation Systems\" \/>\n<meta property=\"og:description\" content=\"Die Erfolgsformel unserer Digitalisierungsstrategie ist Model Based Engineering, Digital Controlling &amp; Digital Business Processes. Erfahren Sie mehr..\" \/>\n<meta property=\"og:url\" content=\"https:\/\/www.ro-ra.com\/de\/technologien-und-digitalisierung\/\" \/>\n<meta property=\"og:site_name\" content=\"RO-RA Aviation Systems\" \/>\n<meta property=\"article:modified_time\" content=\"2020-11-03T10:01:03+00:00\" \/>\n<meta name=\"twitter:card\" content=\"summary_large_image\" \/>\n<meta name=\"twitter:label1\" content=\"Gesch\u00e4tzte Lesezeit\" \/>\n\t<meta name=\"twitter:data1\" content=\"3\u00a0Minuten\" \/>\n<script type=\"application\/ld+json\" class=\"yoast-schema-graph\">{\"@context\":\"https:\\\/\\\/schema.org\",\"@graph\":[{\"@type\":\"WebPage\",\"@id\":\"https:\\\/\\\/www.ro-ra.com\\\/de\\\/technologien-und-digitalisierung\\\/\",\"url\":\"https:\\\/\\\/www.ro-ra.com\\\/de\\\/technologien-und-digitalisierung\\\/\",\"name\":\"Digitalisierung \u2013 RO-RA Aviation Systems\",\"isPartOf\":{\"@id\":\"https:\\\/\\\/www.ro-ra.com\\\/de\\\/#website\"},\"datePublished\":\"2020-08-17T11:29:58+00:00\",\"dateModified\":\"2020-11-03T10:01:03+00:00\",\"description\":\"Die Erfolgsformel unserer Digitalisierungsstrategie ist Model Based Engineering, Digital Controlling & Digital Business Processes. Erfahren Sie mehr..\",\"breadcrumb\":{\"@id\":\"https:\\\/\\\/www.ro-ra.com\\\/de\\\/technologien-und-digitalisierung\\\/#breadcrumb\"},\"inLanguage\":\"de\",\"potentialAction\":[{\"@type\":\"ReadAction\",\"target\":[\"https:\\\/\\\/www.ro-ra.com\\\/de\\\/technologien-und-digitalisierung\\\/\"]}]},{\"@type\":\"BreadcrumbList\",\"@id\":\"https:\\\/\\\/www.ro-ra.com\\\/de\\\/technologien-und-digitalisierung\\\/#breadcrumb\",\"itemListElement\":[{\"@type\":\"ListItem\",\"position\":1,\"name\":\"Startseite\",\"item\":\"https:\\\/\\\/www.ro-ra.com\\\/de\\\/\"},{\"@type\":\"ListItem\",\"position\":2,\"name\":\"Technologien &#038; Digitalisierung\"}]},{\"@type\":\"WebSite\",\"@id\":\"https:\\\/\\\/www.ro-ra.com\\\/de\\\/#website\",\"url\":\"https:\\\/\\\/www.ro-ra.com\\\/de\\\/\",\"name\":\"RO-RA Aviation Systems\",\"description\":\"Solutions through precision.\",\"publisher\":{\"@id\":\"https:\\\/\\\/www.ro-ra.com\\\/de\\\/#organization\"},\"potentialAction\":[{\"@type\":\"SearchAction\",\"target\":{\"@type\":\"EntryPoint\",\"urlTemplate\":\"https:\\\/\\\/www.ro-ra.com\\\/de\\\/?s={search_term_string}\"},\"query-input\":{\"@type\":\"PropertyValueSpecification\",\"valueRequired\":true,\"valueName\":\"search_term_string\"}}],\"inLanguage\":\"de\"},{\"@type\":\"Organization\",\"@id\":\"https:\\\/\\\/www.ro-ra.com\\\/de\\\/#organization\",\"name\":\"RO-RA Aviation Systems GmbH\",\"url\":\"https:\\\/\\\/www.ro-ra.com\\\/de\\\/\",\"logo\":{\"@type\":\"ImageObject\",\"inLanguage\":\"de\",\"@id\":\"https:\\\/\\\/www.ro-ra.com\\\/de\\\/#\\\/schema\\\/logo\\\/image\\\/\",\"url\":\"https:\\\/\\\/www.ro-ra.com\\\/wp-content\\\/uploads\\\/2020\\\/07\\\/RO-RA_Logo_RGB_300dpi.jpg\",\"contentUrl\":\"https:\\\/\\\/www.ro-ra.com\\\/wp-content\\\/uploads\\\/2020\\\/07\\\/RO-RA_Logo_RGB_300dpi.jpg\",\"width\":\"1182\",\"height\":\"709\",\"caption\":\"RO-RA Aviation Systems GmbH\"},\"image\":{\"@id\":\"https:\\\/\\\/www.ro-ra.com\\\/de\\\/#\\\/schema\\\/logo\\\/image\\\/\"}}]}<\/script>\n<!-- \/ Yoast SEO plugin. -->","yoast_head_json":{"title":"Digitalisierung \u2013 RO-RA Aviation Systems","description":"Die Erfolgsformel unserer Digitalisierungsstrategie ist Model Based Engineering, Digital Controlling & Digital Business Processes. Erfahren Sie mehr..","robots":{"index":"index","follow":"follow","max-snippet":"max-snippet:-1","max-image-preview":"max-image-preview:large","max-video-preview":"max-video-preview:-1"},"canonical":"https:\/\/www.ro-ra.com\/de\/technologien-und-digitalisierung\/","og_locale":"de_DE","og_type":"article","og_title":"Digitalisierung \u2013 RO-RA Aviation Systems","og_description":"Die Erfolgsformel unserer Digitalisierungsstrategie ist Model Based Engineering, Digital Controlling & Digital Business Processes. Erfahren Sie mehr..","og_url":"https:\/\/www.ro-ra.com\/de\/technologien-und-digitalisierung\/","og_site_name":"RO-RA Aviation Systems","article_modified_time":"2020-11-03T10:01:03+00:00","twitter_card":"summary_large_image","twitter_misc":{"Gesch\u00e4tzte Lesezeit":"3\u00a0Minuten"},"schema":{"@context":"https:\/\/schema.org","@graph":[{"@type":"WebPage","@id":"https:\/\/www.ro-ra.com\/de\/technologien-und-digitalisierung\/","url":"https:\/\/www.ro-ra.com\/de\/technologien-und-digitalisierung\/","name":"Digitalisierung \u2013 RO-RA Aviation Systems","isPartOf":{"@id":"https:\/\/www.ro-ra.com\/de\/#website"},"datePublished":"2020-08-17T11:29:58+00:00","dateModified":"2020-11-03T10:01:03+00:00","description":"Die Erfolgsformel unserer Digitalisierungsstrategie ist Model Based Engineering, Digital Controlling & Digital Business Processes. Erfahren Sie mehr..","breadcrumb":{"@id":"https:\/\/www.ro-ra.com\/de\/technologien-und-digitalisierung\/#breadcrumb"},"inLanguage":"de","potentialAction":[{"@type":"ReadAction","target":["https:\/\/www.ro-ra.com\/de\/technologien-und-digitalisierung\/"]}]},{"@type":"BreadcrumbList","@id":"https:\/\/www.ro-ra.com\/de\/technologien-und-digitalisierung\/#breadcrumb","itemListElement":[{"@type":"ListItem","position":1,"name":"Startseite","item":"https:\/\/www.ro-ra.com\/de\/"},{"@type":"ListItem","position":2,"name":"Technologien &#038; Digitalisierung"}]},{"@type":"WebSite","@id":"https:\/\/www.ro-ra.com\/de\/#website","url":"https:\/\/www.ro-ra.com\/de\/","name":"RO-RA Aviation Systems","description":"Solutions through precision.","publisher":{"@id":"https:\/\/www.ro-ra.com\/de\/#organization"},"potentialAction":[{"@type":"SearchAction","target":{"@type":"EntryPoint","urlTemplate":"https:\/\/www.ro-ra.com\/de\/?s={search_term_string}"},"query-input":{"@type":"PropertyValueSpecification","valueRequired":true,"valueName":"search_term_string"}}],"inLanguage":"de"},{"@type":"Organization","@id":"https:\/\/www.ro-ra.com\/de\/#organization","name":"RO-RA Aviation Systems GmbH","url":"https:\/\/www.ro-ra.com\/de\/","logo":{"@type":"ImageObject","inLanguage":"de","@id":"https:\/\/www.ro-ra.com\/de\/#\/schema\/logo\/image\/","url":"https:\/\/www.ro-ra.com\/wp-content\/uploads\/2020\/07\/RO-RA_Logo_RGB_300dpi.jpg","contentUrl":"https:\/\/www.ro-ra.com\/wp-content\/uploads\/2020\/07\/RO-RA_Logo_RGB_300dpi.jpg","width":"1182","height":"709","caption":"RO-RA Aviation Systems GmbH"},"image":{"@id":"https:\/\/www.ro-ra.com\/de\/#\/schema\/logo\/image\/"}}]}},"_links":{"self":[{"href":"https:\/\/www.ro-ra.com\/de\/wp-json\/wp\/v2\/pages\/1159","targetHints":{"allow":["GET"]}}],"collection":[{"href":"https:\/\/www.ro-ra.com\/de\/wp-json\/wp\/v2\/pages"}],"about":[{"href":"https:\/\/www.ro-ra.com\/de\/wp-json\/wp\/v2\/types\/page"}],"author":[{"embeddable":true,"href":"https:\/\/www.ro-ra.com\/de\/wp-json\/wp\/v2\/users\/3"}],"replies":[{"embeddable":true,"href":"https:\/\/www.ro-ra.com\/de\/wp-json\/wp\/v2\/comments?post=1159"}],"version-history":[{"count":0,"href":"https:\/\/www.ro-ra.com\/de\/wp-json\/wp\/v2\/pages\/1159\/revisions"}],"wp:attachment":[{"href":"https:\/\/www.ro-ra.com\/de\/wp-json\/wp\/v2\/media?parent=1159"}],"curies":[{"name":"wp","href":"https:\/\/api.w.org\/{rel}","templated":true}]}}