{"id":1154,"date":"2020-08-17T13:22:57","date_gmt":"2020-08-17T11:22:57","guid":{"rendered":"https:\/\/www.ro-ra.com\/?page_id=1154"},"modified":"2020-10-28T11:40:23","modified_gmt":"2020-10-28T10:40:23","slug":"modernes-supply-chain-management","status":"publish","type":"page","link":"https:\/\/www.ro-ra.com\/de\/kompetenzen\/modernes-supply-chain-management\/","title":{"rendered":"Modernes Supply Chain Management"},"content":{"rendered":"<div class=\"wpb-content-wrapper\"><p>[vc_row][vc_column][vc_column_text]<\/p>\n<h1 style=\"text-align: center;\">Modernes Supply Chain Management<\/h1>\n<p>[\/vc_column_text][\/vc_column][\/vc_row][vc_row type=&#8220;vc_default&#8220; gap=&#8220;30&#8243;][vc_column][vc_column_text css=&#8220;.vc_custom_1600156694645{margin-bottom: 40px !important;}&#8220;]<\/p>\n<h2 style=\"text-align: center;\">Verl\u00e4sslichkeit ist der Schl\u00fcssel in einer langj\u00e4hrigen Zusammenarbeit<\/h2>\n<p>[\/vc_column_text][vc_row_inner gap=&#8220;30&#8243; css=&#8220;.vc_custom_1594381676209{margin-bottom: 80px !important;}&#8220;][vc_column_inner width=&#8220;1\/2&#8243;][vc_column_text]<\/p>\n<p style=\"text-align: left;\">Unser Anspruch ist eine hohe Liefertreue und Zuverl\u00e4ssigkeit im Einklang mit den Kundenanforderungen. Dies erfordert sehr viel Vertrauen und Transparenz in der Zusammenarbeit mit unseren Lieferanten und Kunden. Daran arbeitet und bem\u00fcht sich RO-RA ununterbrochen.<\/p>\n<p>&nbsp;<\/p>\n<p style=\"text-align: left;\">Die Optimierung der Lieferzeiten bei gleichzeitig optimierten Fertigungslosgr\u00f6\u00dfen ist ein wichtiger Teil des Supply Chain Teams bei RO-RA. Aus diesem Grund verfolgen wir ein sehr schlankes Organsisationskonzept, um die Wertsch\u00f6pfungskette kundengerecht und nachhaltig zu gestalten.<\/p>\n<p>[\/vc_column_text][\/vc_column_inner][vc_column_inner width=&#8220;1\/2&#8243;][vc_single_image image=&#8220;1399&#8243; img_size=&#8220;700&#215;420&#8243; alignment=&#8220;center&#8220; css_animation=&#8220;fadeInRightBig&#8220;][\/vc_column_inner][\/vc_row_inner][\/vc_column][\/vc_row][vc_row type=&#8220;vc_default&#8220; gap=&#8220;30&#8243;][vc_column][vc_column_text]<\/p>\n<h2 style=\"text-align: center;\">Wir bieten unseren Kunden ein One-Stop-Shop Konzept<\/h2>\n<h3 style=\"text-align: center;\">RO-RA erf\u00fcllt mehrere Bed\u00fcrfnisse auf einmal<\/h3>\n<p>[\/vc_column_text][vc_column_text]Das One-Stop-Shop Konzept umfasst neben der technologischen Kompetenz auch die B\u00fcndelung aller logistischen Prozesse. Das umfassende Supply Chain Management bietet unseren Kunden risikoreduzierte und effiziente Zulieferungen. Auch in diesem Bereich ist das digitale Managen der Gesch\u00e4ftsprozesse und deren Abwicklung unser Anspruch.<\/p>\n<p>Unser Supply Chain Management Team w\u00e4hlt die zuk\u00fcnftige Zulieferkette aus, sie qualifiziert und entwickelt unsere Lieferanten zu Partner. Unsere Zulieferpartner teilen die Chancen und Risiken der Luftfahrt, sowie technologische Herausforderungen mit RO-RA.<\/p>\n<p>Gemeinsam mit unseren Kunden entwickeln wir uns gleichzeitig in Form von neuartigen Pull &amp; Push Belieferungssystemen weiter. Der digitale Austausch von Absatzpl\u00e4nen, datenbasierte Validierung im ERP-System sowie die EDI gesteuerte Bestellabwicklung sind effiziente Werkzeuge f\u00fcr die Zusammenarbeit mit unseren Kunden und Lieferanten.<\/p>\n<p>Der Einsatz von teilautomatisierten Fertigungsanlagen und unserer Zero Defect Initiative erm\u00f6glichen uns ein Smarte Planung mit der Zielsetzung von Standardisierung, kleinen Fertigungslosgr\u00f6\u00dfen und Work-in-Progress Reduktion.<\/p>\n<p>Datenanalysen erlauben uns eine effektiviere Auftragsplanung und Fertigungssteuerung. Wir optimieren daraus unsere Logistikketten und -prozesse. RO-RA arbeitet mit standardisierte Verpackungskonzepte und Logistikprozesse. Wir steuern die Warenfl\u00fcsse mittels Produktionstracker (RFID basierend).<\/p>\n<p>Unsere Wertsch\u00f6pfungskette wird durch die Produkt- und Technologie-entwicklung wesentlich beeinflusst und gesteuert. Wir arbeiten hier sehr intensiv an effizienten und digitalen L\u00f6sungen, wie z.B. unsere Produktkonfiguratoren, Prozess-Simulationen und digitale Produktzulassungen.<\/p>\n<p>Smarte Planung, Smarte Produktion auf Basis von digitalen Product Lifecycles, teilautomatisierter Fertigung, Standardisierung und Zero Defect sind die Schlagw\u00f6rter und Zielsetzungen von RO-RA in der Weiterentwicklung unseres Supply Chain Managements.[\/vc_column_text][vc_single_image image=&#8220;1579&#8243; img_size=&#8220;full&#8220; alignment=&#8220;center&#8220; css_animation=&#8220;fadeIn&#8220;][\/vc_column][\/vc_row][vc_row][vc_column][vc_separator color=&#8220;black&#8220;][\/vc_column][\/vc_row][vc_row animation=&#8220;fadeInUp&#8220; el_class=&#8220;portfolio-buttons&#8220;][vc_column][vc_column_text]<\/p>\n<h2 style=\"text-align: center;\">Weitere Kompetenzen von RO-RA<\/h2>\n<p>[\/vc_column_text][vc_masonry_grid post_type=&#8220;dt_portfolio&#8220; max_items=&#8220;10&#8243; orderby=&#8220;menu_order&#8220; item=&#8220;2178&#8243; grid_id=&#8220;vc_gid:1603881605163-9d6d5745-347c-10&#8243; exclude=&#8220;288, 2243&#8243; el_class=&#8220;portfolio-list&#8220;][\/vc_column][\/vc_row]<\/p>\n<\/div>","protected":false},"excerpt":{"rendered":"<p>[vc_row][vc_column][vc_column_text] Modernes Supply Chain Management [\/vc_column_text][\/vc_column][\/vc_row][vc_row type=&#8220;vc_default&#8220; gap=&#8220;30&#8243;][vc_column][vc_column_text css=&#8220;.vc_custom_1600156694645{margin-bottom: 40px !important;}&#8220;] Verl\u00e4sslichkeit ist der Schl\u00fcssel in einer langj\u00e4hrigen Zusammenarbeit [\/vc_column_text][vc_row_inner gap=&#8220;30&#8243; css=&#8220;.vc_custom_1594381676209{margin-bottom: 80px !important;}&#8220;][vc_column_inner width=&#8220;1\/2&#8243;][vc_column_text] Unser Anspruch ist eine hohe Liefertreue und Zuverl\u00e4ssigkeit im Einklang mit den Kundenanforderungen. Dies erfordert sehr viel Vertrauen und Transparenz in der Zusammenarbeit mit unseren Lieferanten und Kunden. Daran arbeitet&hellip;<\/p>\n","protected":false},"author":3,"featured_media":0,"parent":27,"menu_order":50,"comment_status":"closed","ping_status":"closed","template":"","meta":{"inline_featured_image":false,"footnotes":""},"class_list":["post-1154","page","type-page","status-publish","hentry","description-off"],"yoast_head":"<!-- This site is optimized with the Yoast SEO plugin v27.4 - https:\/\/yoast.com\/product\/yoast-seo-wordpress\/ -->\n<title>Supply Chain Management \u2013 RO-RA Aviation Systems<\/title>\n<meta name=\"description\" content=\"Unser SCM bietet ein One-Stop-Shop Konzept. Hohe Liefertreue &amp; Zuverl\u00e4ssigkeit steht bei uns im Vordergrund. Hier sehen Sie was unser SCM noch alles bietet.\" \/>\n<meta name=\"robots\" content=\"index, follow, max-snippet:-1, max-image-preview:large, max-video-preview:-1\" \/>\n<link rel=\"canonical\" href=\"https:\/\/www.ro-ra.com\/de\/kompetenzen\/modernes-supply-chain-management\/\" \/>\n<meta property=\"og:locale\" content=\"de_DE\" \/>\n<meta property=\"og:type\" content=\"article\" \/>\n<meta property=\"og:title\" content=\"Supply Chain Management \u2013 RO-RA Aviation Systems\" \/>\n<meta property=\"og:description\" content=\"Unser SCM bietet ein One-Stop-Shop Konzept. Hohe Liefertreue &amp; Zuverl\u00e4ssigkeit steht bei uns im Vordergrund. Hier sehen Sie was unser SCM noch alles bietet.\" \/>\n<meta property=\"og:url\" content=\"https:\/\/www.ro-ra.com\/de\/kompetenzen\/modernes-supply-chain-management\/\" \/>\n<meta property=\"og:site_name\" content=\"RO-RA Aviation Systems\" \/>\n<meta property=\"article:modified_time\" content=\"2020-10-28T10:40:23+00:00\" \/>\n<meta name=\"twitter:card\" content=\"summary_large_image\" \/>\n<meta name=\"twitter:label1\" content=\"Gesch\u00e4tzte Lesezeit\" \/>\n\t<meta name=\"twitter:data1\" content=\"3\u00a0Minuten\" \/>\n<script type=\"application\/ld+json\" class=\"yoast-schema-graph\">{\"@context\":\"https:\\\/\\\/schema.org\",\"@graph\":[{\"@type\":\"WebPage\",\"@id\":\"https:\\\/\\\/www.ro-ra.com\\\/de\\\/kompetenzen\\\/modernes-supply-chain-management\\\/\",\"url\":\"https:\\\/\\\/www.ro-ra.com\\\/de\\\/kompetenzen\\\/modernes-supply-chain-management\\\/\",\"name\":\"Supply Chain Management \u2013 RO-RA Aviation Systems\",\"isPartOf\":{\"@id\":\"https:\\\/\\\/www.ro-ra.com\\\/de\\\/#website\"},\"datePublished\":\"2020-08-17T11:22:57+00:00\",\"dateModified\":\"2020-10-28T10:40:23+00:00\",\"description\":\"Unser SCM bietet ein One-Stop-Shop Konzept. Hohe Liefertreue & Zuverl\u00e4ssigkeit steht bei uns im Vordergrund. Hier sehen Sie was unser SCM noch alles bietet.\",\"breadcrumb\":{\"@id\":\"https:\\\/\\\/www.ro-ra.com\\\/de\\\/kompetenzen\\\/modernes-supply-chain-management\\\/#breadcrumb\"},\"inLanguage\":\"de\",\"potentialAction\":[{\"@type\":\"ReadAction\",\"target\":[\"https:\\\/\\\/www.ro-ra.com\\\/de\\\/kompetenzen\\\/modernes-supply-chain-management\\\/\"]}]},{\"@type\":\"BreadcrumbList\",\"@id\":\"https:\\\/\\\/www.ro-ra.com\\\/de\\\/kompetenzen\\\/modernes-supply-chain-management\\\/#breadcrumb\",\"itemListElement\":[{\"@type\":\"ListItem\",\"position\":1,\"name\":\"Startseite\",\"item\":\"https:\\\/\\\/www.ro-ra.com\\\/de\\\/\"},{\"@type\":\"ListItem\",\"position\":2,\"name\":\"Kompetenzen\",\"item\":\"https:\\\/\\\/www.ro-ra.com\\\/de\\\/kompetenzen\\\/\"},{\"@type\":\"ListItem\",\"position\":3,\"name\":\"Modernes Supply Chain Management\"}]},{\"@type\":\"WebSite\",\"@id\":\"https:\\\/\\\/www.ro-ra.com\\\/de\\\/#website\",\"url\":\"https:\\\/\\\/www.ro-ra.com\\\/de\\\/\",\"name\":\"RO-RA Aviation Systems\",\"description\":\"Solutions through precision.\",\"publisher\":{\"@id\":\"https:\\\/\\\/www.ro-ra.com\\\/de\\\/#organization\"},\"potentialAction\":[{\"@type\":\"SearchAction\",\"target\":{\"@type\":\"EntryPoint\",\"urlTemplate\":\"https:\\\/\\\/www.ro-ra.com\\\/de\\\/?s={search_term_string}\"},\"query-input\":{\"@type\":\"PropertyValueSpecification\",\"valueRequired\":true,\"valueName\":\"search_term_string\"}}],\"inLanguage\":\"de\"},{\"@type\":\"Organization\",\"@id\":\"https:\\\/\\\/www.ro-ra.com\\\/de\\\/#organization\",\"name\":\"RO-RA Aviation Systems GmbH\",\"url\":\"https:\\\/\\\/www.ro-ra.com\\\/de\\\/\",\"logo\":{\"@type\":\"ImageObject\",\"inLanguage\":\"de\",\"@id\":\"https:\\\/\\\/www.ro-ra.com\\\/de\\\/#\\\/schema\\\/logo\\\/image\\\/\",\"url\":\"https:\\\/\\\/www.ro-ra.com\\\/wp-content\\\/uploads\\\/2020\\\/07\\\/RO-RA_Logo_RGB_300dpi.jpg\",\"contentUrl\":\"https:\\\/\\\/www.ro-ra.com\\\/wp-content\\\/uploads\\\/2020\\\/07\\\/RO-RA_Logo_RGB_300dpi.jpg\",\"width\":\"1182\",\"height\":\"709\",\"caption\":\"RO-RA Aviation Systems GmbH\"},\"image\":{\"@id\":\"https:\\\/\\\/www.ro-ra.com\\\/de\\\/#\\\/schema\\\/logo\\\/image\\\/\"}}]}<\/script>\n<!-- \/ Yoast SEO plugin. -->","yoast_head_json":{"title":"Supply Chain Management \u2013 RO-RA Aviation Systems","description":"Unser SCM bietet ein One-Stop-Shop Konzept. Hohe Liefertreue & Zuverl\u00e4ssigkeit steht bei uns im Vordergrund. Hier sehen Sie was unser SCM noch alles bietet.","robots":{"index":"index","follow":"follow","max-snippet":"max-snippet:-1","max-image-preview":"max-image-preview:large","max-video-preview":"max-video-preview:-1"},"canonical":"https:\/\/www.ro-ra.com\/de\/kompetenzen\/modernes-supply-chain-management\/","og_locale":"de_DE","og_type":"article","og_title":"Supply Chain Management \u2013 RO-RA Aviation Systems","og_description":"Unser SCM bietet ein One-Stop-Shop Konzept. Hohe Liefertreue & Zuverl\u00e4ssigkeit steht bei uns im Vordergrund. Hier sehen Sie was unser SCM noch alles bietet.","og_url":"https:\/\/www.ro-ra.com\/de\/kompetenzen\/modernes-supply-chain-management\/","og_site_name":"RO-RA Aviation Systems","article_modified_time":"2020-10-28T10:40:23+00:00","twitter_card":"summary_large_image","twitter_misc":{"Gesch\u00e4tzte Lesezeit":"3\u00a0Minuten"},"schema":{"@context":"https:\/\/schema.org","@graph":[{"@type":"WebPage","@id":"https:\/\/www.ro-ra.com\/de\/kompetenzen\/modernes-supply-chain-management\/","url":"https:\/\/www.ro-ra.com\/de\/kompetenzen\/modernes-supply-chain-management\/","name":"Supply Chain Management \u2013 RO-RA Aviation Systems","isPartOf":{"@id":"https:\/\/www.ro-ra.com\/de\/#website"},"datePublished":"2020-08-17T11:22:57+00:00","dateModified":"2020-10-28T10:40:23+00:00","description":"Unser SCM bietet ein One-Stop-Shop Konzept. Hohe Liefertreue & Zuverl\u00e4ssigkeit steht bei uns im Vordergrund. Hier sehen Sie was unser SCM noch alles bietet.","breadcrumb":{"@id":"https:\/\/www.ro-ra.com\/de\/kompetenzen\/modernes-supply-chain-management\/#breadcrumb"},"inLanguage":"de","potentialAction":[{"@type":"ReadAction","target":["https:\/\/www.ro-ra.com\/de\/kompetenzen\/modernes-supply-chain-management\/"]}]},{"@type":"BreadcrumbList","@id":"https:\/\/www.ro-ra.com\/de\/kompetenzen\/modernes-supply-chain-management\/#breadcrumb","itemListElement":[{"@type":"ListItem","position":1,"name":"Startseite","item":"https:\/\/www.ro-ra.com\/de\/"},{"@type":"ListItem","position":2,"name":"Kompetenzen","item":"https:\/\/www.ro-ra.com\/de\/kompetenzen\/"},{"@type":"ListItem","position":3,"name":"Modernes Supply Chain Management"}]},{"@type":"WebSite","@id":"https:\/\/www.ro-ra.com\/de\/#website","url":"https:\/\/www.ro-ra.com\/de\/","name":"RO-RA Aviation Systems","description":"Solutions through precision.","publisher":{"@id":"https:\/\/www.ro-ra.com\/de\/#organization"},"potentialAction":[{"@type":"SearchAction","target":{"@type":"EntryPoint","urlTemplate":"https:\/\/www.ro-ra.com\/de\/?s={search_term_string}"},"query-input":{"@type":"PropertyValueSpecification","valueRequired":true,"valueName":"search_term_string"}}],"inLanguage":"de"},{"@type":"Organization","@id":"https:\/\/www.ro-ra.com\/de\/#organization","name":"RO-RA Aviation Systems GmbH","url":"https:\/\/www.ro-ra.com\/de\/","logo":{"@type":"ImageObject","inLanguage":"de","@id":"https:\/\/www.ro-ra.com\/de\/#\/schema\/logo\/image\/","url":"https:\/\/www.ro-ra.com\/wp-content\/uploads\/2020\/07\/RO-RA_Logo_RGB_300dpi.jpg","contentUrl":"https:\/\/www.ro-ra.com\/wp-content\/uploads\/2020\/07\/RO-RA_Logo_RGB_300dpi.jpg","width":"1182","height":"709","caption":"RO-RA Aviation Systems GmbH"},"image":{"@id":"https:\/\/www.ro-ra.com\/de\/#\/schema\/logo\/image\/"}}]}},"_links":{"self":[{"href":"https:\/\/www.ro-ra.com\/de\/wp-json\/wp\/v2\/pages\/1154","targetHints":{"allow":["GET"]}}],"collection":[{"href":"https:\/\/www.ro-ra.com\/de\/wp-json\/wp\/v2\/pages"}],"about":[{"href":"https:\/\/www.ro-ra.com\/de\/wp-json\/wp\/v2\/types\/page"}],"author":[{"embeddable":true,"href":"https:\/\/www.ro-ra.com\/de\/wp-json\/wp\/v2\/users\/3"}],"replies":[{"embeddable":true,"href":"https:\/\/www.ro-ra.com\/de\/wp-json\/wp\/v2\/comments?post=1154"}],"version-history":[{"count":0,"href":"https:\/\/www.ro-ra.com\/de\/wp-json\/wp\/v2\/pages\/1154\/revisions"}],"up":[{"embeddable":true,"href":"https:\/\/www.ro-ra.com\/de\/wp-json\/wp\/v2\/pages\/27"}],"wp:attachment":[{"href":"https:\/\/www.ro-ra.com\/de\/wp-json\/wp\/v2\/media?parent=1154"}],"curies":[{"name":"wp","href":"https:\/\/api.w.org\/{rel}","templated":true}]}}