{"id":1150,"date":"2020-08-17T13:14:25","date_gmt":"2020-08-17T11:14:25","guid":{"rendered":"https:\/\/www.ro-ra.com\/?page_id=1150"},"modified":"2020-11-03T17:30:46","modified_gmt":"2020-11-03T16:30:46","slug":"materialien-und-prozesse","status":"publish","type":"page","link":"https:\/\/www.ro-ra.com\/de\/kompetenzen\/materialien-und-prozesse\/","title":{"rendered":"Materialien &#038; Prozesse"},"content":{"rendered":"<div class=\"wpb-content-wrapper\"><p>[vc_row][vc_column offset=&#8220;vc_hidden-sm vc_hidden-xs&#8220;][vc_column_text]<\/p>\n<h1 style=\"text-align: center;\">Materialwissenschaft &amp; Prozessoptimierung im Flugzeugbau<\/h1>\n<p>[\/vc_column_text][\/vc_column][\/vc_row][vc_row][vc_column offset=&#8220;vc_hidden-lg vc_hidden-md&#8220;][vc_column_text]<\/p>\n<h1 style=\"text-align: center;\">Material-wissenschaft &amp; Prozess-optimierung im Flugzeugbau<\/h1>\n<p>[\/vc_column_text][\/vc_column][\/vc_row][vc_row type=&#8220;vc_default&#8220; gap=&#8220;30&#8243;][vc_column][vc_column_text]<\/p>\n<h2 style=\"text-align: center;\">RO-RA bietet eine hohe Vielfalt an verschiedenen Werkstoffen<\/h2>\n<h3 style=\"text-align: center;\">Zerspanung von hochfesten St\u00e4hlen &amp; Nickelbasislegierung sind wesentliche Kernkompetenzen<\/h3>\n<p>[\/vc_column_text][vc_column_text]<\/p>\n<p style=\"text-align: left;\">Wir zerspanen eine hohe Anzahl an verschiedenen Werkstoffen bzw. Legierungen f\u00fcr die Anwendungen in der Flugzeugkabine, bei Strukturanwendungen und im Bereich der Triebwerks-Komponentenzulieferung und pflegen eine intensive Zusammenarbeit mit unseren Rohmaterial-Zulieferpartnern. Hierbei ist die Zerspanung von hochfesten St\u00e4hlen und Nickelbasislegierung eine unserer Kernkompetenzen, welche wir in enger Zusammenarbeit mit unseren Werkzeuglieferanten immer weiter optimieren.<\/p>\n<p style=\"text-align: left;\">Das Flugzeug der Zukunft wird vollst\u00e4ndig digital entwickelt und wird wesentlich intensiver mit der Umwelt kommunizieren. RO-RA entwickelt bereits Ma\u00dfnahmen daf\u00fcr, um der wirtschaftlichen Nachhaltigkeit gerecht zu werden.<\/p>\n<p>[\/vc_column_text][vc_row_inner el_class=&#8220;special-image-right&#8220;][vc_column_inner][vc_single_image image=&#8220;1623&#8243; img_size=&#8220;700&#215;420&#8243;][vc_single_image image=&#8220;1554&#8243; img_size=&#8220;700&#215;420&#8243;][\/vc_column_inner][\/vc_row_inner][\/vc_column][\/vc_row][vc_row][vc_column][vc_column_text]<\/p>\n<h2 style=\"text-align: center;\">Digitale Prozess-Stabilit\u00e4t in unseren Fertigungsverfahren<\/h2>\n<h3 style=\"text-align: center;\">Optimierung des Produktionsprozesses durch Datenmanagement<\/h3>\n<p>[\/vc_column_text][vc_row_inner gap=&#8220;30&#8243; css=&#8220;.vc_custom_1594381676209{margin-bottom: 80px !important;}&#8220;][vc_column_inner width=&#8220;1\/2&#8243;][vc_column_text]Die Herstellung von Flugzeugen wird in der Zukunft mittels vernetzter teilautomatisierter Produktion, bei der Mensch und Maschine direkt miteinander kommunizieren, erfolgen. Produkte werden bedarfsgerecht hergestellt, selbstlernende Prozesse minimieren die Kosten bei gleichm\u00e4\u00dfig hoher Qualit\u00e4t. F\u00fcr den effizienten Betrieb bedarf es eines schlanken, weitestgehend vollautomatischen Datenmanagements. Einer der Erfolgsfaktoren besteht darin, das enorme Datenaufkommen der Produktion f\u00fcr die laufende und konsequente Optimierung des Produktionsprozesses auszusch\u00f6pfen.<\/p>\n<p>Die Grundlage f\u00fcr effiziente Fertigungsprozesse sind eine hohe Stabilit\u00e4t und Erf\u00fcllungsqualit\u00e4t der Abl\u00e4ufe im Unternehmen. Diese Voraussetzungen sind bei RO-RA durch eine konsequente Validierung und Weiterentwicklung gegeben.[\/vc_column_text][\/vc_column_inner][vc_column_inner width=&#8220;1\/2&#8243;][vc_empty_space][vc_single_image image=&#8220;1552&#8243; img_size=&#8220;full&#8220; alignment=&#8220;center&#8220; css_animation=&#8220;fadeIn&#8220;][\/vc_column_inner][\/vc_row_inner][\/vc_column][\/vc_row][vc_row][vc_column][vc_separator color=&#8220;black&#8220;][\/vc_column][\/vc_row][vc_row animation=&#8220;fadeInUp&#8220; el_class=&#8220;portfolio-buttons&#8220;][vc_column][vc_column_text]<\/p>\n<h2 style=\"text-align: center;\">Weitere Kompetenzen von RO-RA<\/h2>\n<p>[\/vc_column_text][vc_masonry_grid post_type=&#8220;dt_portfolio&#8220; max_items=&#8220;10&#8243; orderby=&#8220;menu_order&#8220; item=&#8220;2178&#8243; grid_id=&#8220;vc_gid:1604420942827-128f3183-7451-1&#8243; exclude=&#8220;286, 2241&#8243; el_class=&#8220;portfolio-list&#8220;][\/vc_column][\/vc_row]<\/p>\n<\/div>","protected":false},"excerpt":{"rendered":"<p>[vc_row][vc_column offset=&#8220;vc_hidden-sm vc_hidden-xs&#8220;][vc_column_text] Materialwissenschaft &amp; Prozessoptimierung im Flugzeugbau [\/vc_column_text][\/vc_column][\/vc_row][vc_row][vc_column offset=&#8220;vc_hidden-lg vc_hidden-md&#8220;][vc_column_text] Material-wissenschaft &amp; Prozess-optimierung im Flugzeugbau [\/vc_column_text][\/vc_column][\/vc_row][vc_row type=&#8220;vc_default&#8220; gap=&#8220;30&#8243;][vc_column][vc_column_text] RO-RA bietet eine hohe Vielfalt an verschiedenen Werkstoffen Zerspanung von hochfesten St\u00e4hlen &amp; Nickelbasislegierung sind wesentliche Kernkompetenzen [\/vc_column_text][vc_column_text] Wir zerspanen eine hohe Anzahl an verschiedenen Werkstoffen bzw. Legierungen f\u00fcr die Anwendungen in der Flugzeugkabine, bei Strukturanwendungen&hellip;<\/p>\n","protected":false},"author":3,"featured_media":0,"parent":27,"menu_order":40,"comment_status":"closed","ping_status":"closed","template":"","meta":{"inline_featured_image":false,"footnotes":""},"class_list":["post-1150","page","type-page","status-publish","hentry","description-off"],"yoast_head":"<!-- This site is optimized with the Yoast SEO plugin v27.3 - https:\/\/yoast.com\/product\/yoast-seo-wordpress\/ -->\n<title>Materialien &amp; Prozesse \u2013 RO-RA Aviation Systems<\/title>\n<meta name=\"description\" content=\"Wir zerspanen eine hohe Vielfalt an verschiedenen Werkstoffen &amp; Legierungen f\u00fcr Anwendungen in der Flugzeugkabine, der Struktur &amp; im Triebwerk.\" \/>\n<meta name=\"robots\" content=\"index, follow, max-snippet:-1, max-image-preview:large, max-video-preview:-1\" \/>\n<link rel=\"canonical\" href=\"https:\/\/www.ro-ra.com\/de\/kompetenzen\/materialien-und-prozesse\/\" \/>\n<meta property=\"og:locale\" content=\"de_DE\" \/>\n<meta property=\"og:type\" content=\"article\" \/>\n<meta property=\"og:title\" content=\"Materialien &amp; Prozesse \u2013 RO-RA Aviation Systems\" \/>\n<meta property=\"og:description\" content=\"Wir zerspanen eine hohe Vielfalt an verschiedenen Werkstoffen &amp; Legierungen f\u00fcr Anwendungen in der Flugzeugkabine, der Struktur &amp; im Triebwerk.\" \/>\n<meta property=\"og:url\" content=\"https:\/\/www.ro-ra.com\/de\/kompetenzen\/materialien-und-prozesse\/\" \/>\n<meta property=\"og:site_name\" content=\"RO-RA Aviation Systems\" \/>\n<meta property=\"article:modified_time\" content=\"2020-11-03T16:30:46+00:00\" \/>\n<meta name=\"twitter:card\" content=\"summary_large_image\" \/>\n<meta name=\"twitter:label1\" content=\"Gesch\u00e4tzte Lesezeit\" \/>\n\t<meta name=\"twitter:data1\" content=\"2\u00a0Minuten\" \/>\n<script type=\"application\/ld+json\" class=\"yoast-schema-graph\">{\"@context\":\"https:\\\/\\\/schema.org\",\"@graph\":[{\"@type\":\"WebPage\",\"@id\":\"https:\\\/\\\/www.ro-ra.com\\\/de\\\/kompetenzen\\\/materialien-und-prozesse\\\/\",\"url\":\"https:\\\/\\\/www.ro-ra.com\\\/de\\\/kompetenzen\\\/materialien-und-prozesse\\\/\",\"name\":\"Materialien & Prozesse \u2013 RO-RA Aviation Systems\",\"isPartOf\":{\"@id\":\"https:\\\/\\\/www.ro-ra.com\\\/de\\\/#website\"},\"datePublished\":\"2020-08-17T11:14:25+00:00\",\"dateModified\":\"2020-11-03T16:30:46+00:00\",\"description\":\"Wir zerspanen eine hohe Vielfalt an verschiedenen Werkstoffen & Legierungen f\u00fcr Anwendungen in der Flugzeugkabine, der Struktur & im Triebwerk.\",\"breadcrumb\":{\"@id\":\"https:\\\/\\\/www.ro-ra.com\\\/de\\\/kompetenzen\\\/materialien-und-prozesse\\\/#breadcrumb\"},\"inLanguage\":\"de\",\"potentialAction\":[{\"@type\":\"ReadAction\",\"target\":[\"https:\\\/\\\/www.ro-ra.com\\\/de\\\/kompetenzen\\\/materialien-und-prozesse\\\/\"]}]},{\"@type\":\"BreadcrumbList\",\"@id\":\"https:\\\/\\\/www.ro-ra.com\\\/de\\\/kompetenzen\\\/materialien-und-prozesse\\\/#breadcrumb\",\"itemListElement\":[{\"@type\":\"ListItem\",\"position\":1,\"name\":\"Startseite\",\"item\":\"https:\\\/\\\/www.ro-ra.com\\\/de\\\/\"},{\"@type\":\"ListItem\",\"position\":2,\"name\":\"Kompetenzen\",\"item\":\"https:\\\/\\\/www.ro-ra.com\\\/de\\\/kompetenzen\\\/\"},{\"@type\":\"ListItem\",\"position\":3,\"name\":\"Materialien &#038; Prozesse\"}]},{\"@type\":\"WebSite\",\"@id\":\"https:\\\/\\\/www.ro-ra.com\\\/de\\\/#website\",\"url\":\"https:\\\/\\\/www.ro-ra.com\\\/de\\\/\",\"name\":\"RO-RA Aviation Systems\",\"description\":\"Solutions through precision.\",\"publisher\":{\"@id\":\"https:\\\/\\\/www.ro-ra.com\\\/de\\\/#organization\"},\"potentialAction\":[{\"@type\":\"SearchAction\",\"target\":{\"@type\":\"EntryPoint\",\"urlTemplate\":\"https:\\\/\\\/www.ro-ra.com\\\/de\\\/?s={search_term_string}\"},\"query-input\":{\"@type\":\"PropertyValueSpecification\",\"valueRequired\":true,\"valueName\":\"search_term_string\"}}],\"inLanguage\":\"de\"},{\"@type\":\"Organization\",\"@id\":\"https:\\\/\\\/www.ro-ra.com\\\/de\\\/#organization\",\"name\":\"RO-RA Aviation Systems GmbH\",\"url\":\"https:\\\/\\\/www.ro-ra.com\\\/de\\\/\",\"logo\":{\"@type\":\"ImageObject\",\"inLanguage\":\"de\",\"@id\":\"https:\\\/\\\/www.ro-ra.com\\\/de\\\/#\\\/schema\\\/logo\\\/image\\\/\",\"url\":\"https:\\\/\\\/www.ro-ra.com\\\/wp-content\\\/uploads\\\/2020\\\/07\\\/RO-RA_Logo_RGB_300dpi.jpg\",\"contentUrl\":\"https:\\\/\\\/www.ro-ra.com\\\/wp-content\\\/uploads\\\/2020\\\/07\\\/RO-RA_Logo_RGB_300dpi.jpg\",\"width\":\"1182\",\"height\":\"709\",\"caption\":\"RO-RA Aviation Systems GmbH\"},\"image\":{\"@id\":\"https:\\\/\\\/www.ro-ra.com\\\/de\\\/#\\\/schema\\\/logo\\\/image\\\/\"}}]}<\/script>\n<!-- \/ Yoast SEO plugin. -->","yoast_head_json":{"title":"Materialien & Prozesse \u2013 RO-RA Aviation Systems","description":"Wir zerspanen eine hohe Vielfalt an verschiedenen Werkstoffen & Legierungen f\u00fcr Anwendungen in der Flugzeugkabine, der Struktur & im Triebwerk.","robots":{"index":"index","follow":"follow","max-snippet":"max-snippet:-1","max-image-preview":"max-image-preview:large","max-video-preview":"max-video-preview:-1"},"canonical":"https:\/\/www.ro-ra.com\/de\/kompetenzen\/materialien-und-prozesse\/","og_locale":"de_DE","og_type":"article","og_title":"Materialien & Prozesse \u2013 RO-RA Aviation Systems","og_description":"Wir zerspanen eine hohe Vielfalt an verschiedenen Werkstoffen & Legierungen f\u00fcr Anwendungen in der Flugzeugkabine, der Struktur & im Triebwerk.","og_url":"https:\/\/www.ro-ra.com\/de\/kompetenzen\/materialien-und-prozesse\/","og_site_name":"RO-RA Aviation Systems","article_modified_time":"2020-11-03T16:30:46+00:00","twitter_card":"summary_large_image","twitter_misc":{"Gesch\u00e4tzte Lesezeit":"2\u00a0Minuten"},"schema":{"@context":"https:\/\/schema.org","@graph":[{"@type":"WebPage","@id":"https:\/\/www.ro-ra.com\/de\/kompetenzen\/materialien-und-prozesse\/","url":"https:\/\/www.ro-ra.com\/de\/kompetenzen\/materialien-und-prozesse\/","name":"Materialien & Prozesse \u2013 RO-RA Aviation Systems","isPartOf":{"@id":"https:\/\/www.ro-ra.com\/de\/#website"},"datePublished":"2020-08-17T11:14:25+00:00","dateModified":"2020-11-03T16:30:46+00:00","description":"Wir zerspanen eine hohe Vielfalt an verschiedenen Werkstoffen & Legierungen f\u00fcr Anwendungen in der Flugzeugkabine, der Struktur & im Triebwerk.","breadcrumb":{"@id":"https:\/\/www.ro-ra.com\/de\/kompetenzen\/materialien-und-prozesse\/#breadcrumb"},"inLanguage":"de","potentialAction":[{"@type":"ReadAction","target":["https:\/\/www.ro-ra.com\/de\/kompetenzen\/materialien-und-prozesse\/"]}]},{"@type":"BreadcrumbList","@id":"https:\/\/www.ro-ra.com\/de\/kompetenzen\/materialien-und-prozesse\/#breadcrumb","itemListElement":[{"@type":"ListItem","position":1,"name":"Startseite","item":"https:\/\/www.ro-ra.com\/de\/"},{"@type":"ListItem","position":2,"name":"Kompetenzen","item":"https:\/\/www.ro-ra.com\/de\/kompetenzen\/"},{"@type":"ListItem","position":3,"name":"Materialien &#038; Prozesse"}]},{"@type":"WebSite","@id":"https:\/\/www.ro-ra.com\/de\/#website","url":"https:\/\/www.ro-ra.com\/de\/","name":"RO-RA Aviation Systems","description":"Solutions through precision.","publisher":{"@id":"https:\/\/www.ro-ra.com\/de\/#organization"},"potentialAction":[{"@type":"SearchAction","target":{"@type":"EntryPoint","urlTemplate":"https:\/\/www.ro-ra.com\/de\/?s={search_term_string}"},"query-input":{"@type":"PropertyValueSpecification","valueRequired":true,"valueName":"search_term_string"}}],"inLanguage":"de"},{"@type":"Organization","@id":"https:\/\/www.ro-ra.com\/de\/#organization","name":"RO-RA Aviation Systems GmbH","url":"https:\/\/www.ro-ra.com\/de\/","logo":{"@type":"ImageObject","inLanguage":"de","@id":"https:\/\/www.ro-ra.com\/de\/#\/schema\/logo\/image\/","url":"https:\/\/www.ro-ra.com\/wp-content\/uploads\/2020\/07\/RO-RA_Logo_RGB_300dpi.jpg","contentUrl":"https:\/\/www.ro-ra.com\/wp-content\/uploads\/2020\/07\/RO-RA_Logo_RGB_300dpi.jpg","width":"1182","height":"709","caption":"RO-RA Aviation Systems GmbH"},"image":{"@id":"https:\/\/www.ro-ra.com\/de\/#\/schema\/logo\/image\/"}}]}},"_links":{"self":[{"href":"https:\/\/www.ro-ra.com\/de\/wp-json\/wp\/v2\/pages\/1150","targetHints":{"allow":["GET"]}}],"collection":[{"href":"https:\/\/www.ro-ra.com\/de\/wp-json\/wp\/v2\/pages"}],"about":[{"href":"https:\/\/www.ro-ra.com\/de\/wp-json\/wp\/v2\/types\/page"}],"author":[{"embeddable":true,"href":"https:\/\/www.ro-ra.com\/de\/wp-json\/wp\/v2\/users\/3"}],"replies":[{"embeddable":true,"href":"https:\/\/www.ro-ra.com\/de\/wp-json\/wp\/v2\/comments?post=1150"}],"version-history":[{"count":0,"href":"https:\/\/www.ro-ra.com\/de\/wp-json\/wp\/v2\/pages\/1150\/revisions"}],"up":[{"embeddable":true,"href":"https:\/\/www.ro-ra.com\/de\/wp-json\/wp\/v2\/pages\/27"}],"wp:attachment":[{"href":"https:\/\/www.ro-ra.com\/de\/wp-json\/wp\/v2\/media?parent=1150"}],"curies":[{"name":"wp","href":"https:\/\/api.w.org\/{rel}","templated":true}]}}