{"id":1139,"date":"2020-08-17T12:42:55","date_gmt":"2020-08-17T10:42:55","guid":{"rendered":"https:\/\/www.ro-ra.com\/?page_id=1139"},"modified":"2020-10-28T11:38:44","modified_gmt":"2020-10-28T10:38:44","slug":"qualitaetsmanagement-sicherung","status":"publish","type":"page","link":"https:\/\/www.ro-ra.com\/de\/kompetenzen\/qualitaetsmanagement-sicherung\/","title":{"rendered":"Qualit\u00e4tsmanagement &#038; Sicherung"},"content":{"rendered":"<div class=\"wpb-content-wrapper\"><p>[vc_row][vc_column][vc_column_text]<\/p>\n<h1 style=\"text-align: center;\">Qualit\u00e4tsmanagement &amp; Sicherung bei RO-RA<\/h1>\n<p>[\/vc_column_text][\/vc_column][\/vc_row][vc_row type=&#8220;vc_default&#8220; gap=&#8220;30&#8243;][vc_column][vc_column_text]<\/p>\n<h2 style=\"text-align: center;\">Wir \u00fcberzeugen unsere Kunden mit einem hohen Qualit\u00e4tsanspruch<\/h2>\n<h3 style=\"text-align: center;\">Qualit\u00e4tsbewusstsein in der Entwicklung und Herstellung<\/h3>\n<p>[\/vc_column_text][vc_row_inner gap=&#8220;30&#8243; css=&#8220;.vc_custom_1594381676209{margin-bottom: 80px !important;}&#8220;][vc_column_inner width=&#8220;1\/2&#8243;][vc_single_image image=&#8220;1565&#8243; img_size=&#8220;full&#8220; alignment=&#8220;center&#8220; css_animation=&#8220;fadeInLeftBig&#8220;][\/vc_column_inner][vc_column_inner width=&#8220;1\/2&#8243;][vc_column_text]<\/p>\n<p style=\"text-align: left;\">Unser Anspruch ist ein hohes Qualit\u00e4tsbewusstsein in der Entwicklung und Herstellung unserer Produkte, sowie den Dienstleistungen zu unseren Gesch\u00e4ftspartnern. Daran werden wir gemessen!<\/p>\n<p style=\"text-align: left;\">Die konsequente und kontinuierliche Verbesserung sowie die Weiterentwicklung unserer Produkte, Prozesse und Standards ist ein wesentliches Unternehmensziel und Zukunftsbaustein von RO-RA.<\/p>\n<p style=\"text-align: left;\">Wir wollen unseren Kunden einen hohen Grad an Kundenzufriedenheit, Qualit\u00e4t, Liefertreue, Zuverl\u00e4ssigkeit und exzellenten Support bieten. Unsere Kunden sollen von den Produkten und Dienstleistungen von RO-RA begeistert sein.<\/p>\n<p style=\"text-align: left;\">Fortschrittliche Technologieapplikationen und digitalen L\u00f6sungen sind strategische Erfolgsfaktoren bei RO-RA und heben uns von anderen Unternehmen in der Luftfahrtindustrie ab.<\/p>\n<p>[\/vc_column_text][\/vc_column_inner][\/vc_row_inner][\/vc_column][\/vc_row][vc_row][vc_column el_class=&#8220;special-image-right&#8220;][vc_column_text css=&#8220;.vc_custom_1602679570997{margin-bottom: 60px !important;border-bottom-width: 0px !important;}&#8220;]<\/p>\n<h2 style=\"text-align: center;\">Kompetenz bei Mitarbeitern und Messverfahren<\/h2>\n<h3 style=\"text-align: center;\">Die Qualit\u00e4t steht bei RO-RA an 1. Stelle<\/h3>\n<p>[\/vc_column_text][vc_row_inner el_class=&#8220;special-image-right&#8220;][vc_column_inner][vc_single_image image=&#8220;1378&#8243; img_size=&#8220;420&#215;700&#8243;][vc_column_text]Ein hoher Qualit\u00e4tsanspruch ist die Triebfeder unserer Mitarbeiter. Wir legen hohen Wert auf innerbetriebliche Ausbildung in Form von Auszubildenden und Werksstudenten, sowie internen Schulungsma\u00dfnahmen und Audits.<\/p>\n<p>&nbsp;<\/p>\n<p>Im Einklang mit unserer modernen Fertigung steuern wir unsere Pr\u00fcfmerkmale und Pr\u00fcfmittel mittels einem CAQ Systems, welches uns eine durchgehende \u00dcberwachung und R\u00fcckverfolgbarkeit aller Prozesse gew\u00e4hrleistet.<\/p>\n<p>&nbsp;<\/p>\n<p>Die Ma\u00dfhaltigkeit unserer Bauteile wird nicht nur von unseren Mitarbeitern in der Qualit\u00e4tssicherung mittels modernen taktilen und optischen CMM Anlagen, Konturographen und optischen Messeinheiten sichergestellt, sondern auch durch Messungen w\u00e4hrend der Bearbeitung durch In-Process Messungen.[\/vc_column_text][\/vc_column_inner][\/vc_row_inner][\/vc_column][\/vc_row][vc_row][vc_column css=&#8220;.vc_custom_1600154478638{margin-bottom: 80px !important;}&#8220;][vc_single_image image=&#8220;1385&#8243; img_size=&#8220;full&#8220;][\/vc_column][\/vc_row][vc_row][vc_column][vc_separator color=&#8220;black&#8220;][\/vc_column][\/vc_row][vc_row animation=&#8220;fadeInUp&#8220; el_class=&#8220;portfolio-buttons&#8220;][vc_column][vc_column_text]<\/p>\n<h2 style=\"text-align: center;\">Weitere Kompetenzen von RO-RA<\/h2>\n<p>[\/vc_column_text][vc_masonry_grid post_type=&#8220;dt_portfolio&#8220; max_items=&#8220;10&#8243; orderby=&#8220;menu_order&#8220; item=&#8220;2178&#8243; grid_id=&#8220;vc_gid:1603881509164-d2d28ec4-b371-8&#8243; exclude=&#8220;284, 2240&#8243; el_class=&#8220;portfolio-list&#8220;][\/vc_column][\/vc_row]<\/p>\n<\/div>","protected":false},"excerpt":{"rendered":"<p>[vc_row][vc_column][vc_column_text] Qualit\u00e4tsmanagement &amp; Sicherung bei RO-RA [\/vc_column_text][\/vc_column][\/vc_row][vc_row type=&#8220;vc_default&#8220; gap=&#8220;30&#8243;][vc_column][vc_column_text] Wir \u00fcberzeugen unsere Kunden mit einem hohen Qualit\u00e4tsanspruch Qualit\u00e4tsbewusstsein in der Entwicklung und Herstellung [\/vc_column_text][vc_row_inner gap=&#8220;30&#8243; css=&#8220;.vc_custom_1594381676209{margin-bottom: 80px !important;}&#8220;][vc_column_inner width=&#8220;1\/2&#8243;][vc_single_image image=&#8220;1565&#8243; img_size=&#8220;full&#8220; alignment=&#8220;center&#8220; css_animation=&#8220;fadeInLeftBig&#8220;][\/vc_column_inner][vc_column_inner width=&#8220;1\/2&#8243;][vc_column_text] Unser Anspruch ist ein hohes Qualit\u00e4tsbewusstsein in der Entwicklung und Herstellung unserer Produkte, sowie den Dienstleistungen zu unseren Gesch\u00e4ftspartnern. Daran werden&hellip;<\/p>\n","protected":false},"author":3,"featured_media":0,"parent":27,"menu_order":30,"comment_status":"closed","ping_status":"closed","template":"","meta":{"inline_featured_image":false,"footnotes":""},"class_list":["post-1139","page","type-page","status-publish","hentry","description-off"],"yoast_head":"<!-- This site is optimized with the Yoast SEO plugin v27.4 - https:\/\/yoast.com\/product\/yoast-seo-wordpress\/ -->\n<title>Qualit\u00e4tsmanagement und Sicherung \u2013 RO-RA Aviation Systems<\/title>\n<meta name=\"description\" content=\"Wir \u00fcberzeugen unsere Kunden mit einem hohen Qualit\u00e4tsanspruch! Wir verfolgen dieses Qualit\u00e4tsbewusstsein in allen Bereichen.\" \/>\n<meta name=\"robots\" content=\"index, follow, max-snippet:-1, max-image-preview:large, max-video-preview:-1\" \/>\n<link rel=\"canonical\" href=\"https:\/\/www.ro-ra.com\/de\/kompetenzen\/qualitaetsmanagement-sicherung\/\" \/>\n<meta property=\"og:locale\" content=\"de_DE\" \/>\n<meta property=\"og:type\" content=\"article\" \/>\n<meta property=\"og:title\" content=\"Qualit\u00e4tsmanagement und Sicherung \u2013 RO-RA Aviation Systems\" \/>\n<meta property=\"og:description\" content=\"Wir \u00fcberzeugen unsere Kunden mit einem hohen Qualit\u00e4tsanspruch! Wir verfolgen dieses Qualit\u00e4tsbewusstsein in allen Bereichen.\" \/>\n<meta property=\"og:url\" content=\"https:\/\/www.ro-ra.com\/de\/kompetenzen\/qualitaetsmanagement-sicherung\/\" \/>\n<meta property=\"og:site_name\" content=\"RO-RA Aviation Systems\" \/>\n<meta property=\"article:modified_time\" content=\"2020-10-28T10:38:44+00:00\" \/>\n<meta name=\"twitter:card\" content=\"summary_large_image\" \/>\n<meta name=\"twitter:label1\" content=\"Gesch\u00e4tzte Lesezeit\" \/>\n\t<meta name=\"twitter:data1\" content=\"2\u00a0Minuten\" \/>\n<script type=\"application\/ld+json\" class=\"yoast-schema-graph\">{\"@context\":\"https:\\\/\\\/schema.org\",\"@graph\":[{\"@type\":\"WebPage\",\"@id\":\"https:\\\/\\\/www.ro-ra.com\\\/de\\\/kompetenzen\\\/qualitaetsmanagement-sicherung\\\/\",\"url\":\"https:\\\/\\\/www.ro-ra.com\\\/de\\\/kompetenzen\\\/qualitaetsmanagement-sicherung\\\/\",\"name\":\"Qualit\u00e4tsmanagement und Sicherung \u2013 RO-RA Aviation Systems\",\"isPartOf\":{\"@id\":\"https:\\\/\\\/www.ro-ra.com\\\/de\\\/#website\"},\"datePublished\":\"2020-08-17T10:42:55+00:00\",\"dateModified\":\"2020-10-28T10:38:44+00:00\",\"description\":\"Wir \u00fcberzeugen unsere Kunden mit einem hohen Qualit\u00e4tsanspruch! Wir verfolgen dieses Qualit\u00e4tsbewusstsein in allen Bereichen.\",\"breadcrumb\":{\"@id\":\"https:\\\/\\\/www.ro-ra.com\\\/de\\\/kompetenzen\\\/qualitaetsmanagement-sicherung\\\/#breadcrumb\"},\"inLanguage\":\"de\",\"potentialAction\":[{\"@type\":\"ReadAction\",\"target\":[\"https:\\\/\\\/www.ro-ra.com\\\/de\\\/kompetenzen\\\/qualitaetsmanagement-sicherung\\\/\"]}]},{\"@type\":\"BreadcrumbList\",\"@id\":\"https:\\\/\\\/www.ro-ra.com\\\/de\\\/kompetenzen\\\/qualitaetsmanagement-sicherung\\\/#breadcrumb\",\"itemListElement\":[{\"@type\":\"ListItem\",\"position\":1,\"name\":\"Startseite\",\"item\":\"https:\\\/\\\/www.ro-ra.com\\\/de\\\/\"},{\"@type\":\"ListItem\",\"position\":2,\"name\":\"Kompetenzen\",\"item\":\"https:\\\/\\\/www.ro-ra.com\\\/de\\\/kompetenzen\\\/\"},{\"@type\":\"ListItem\",\"position\":3,\"name\":\"Qualit\u00e4tsmanagement &#038; Sicherung\"}]},{\"@type\":\"WebSite\",\"@id\":\"https:\\\/\\\/www.ro-ra.com\\\/de\\\/#website\",\"url\":\"https:\\\/\\\/www.ro-ra.com\\\/de\\\/\",\"name\":\"RO-RA Aviation Systems\",\"description\":\"Solutions through precision.\",\"publisher\":{\"@id\":\"https:\\\/\\\/www.ro-ra.com\\\/de\\\/#organization\"},\"potentialAction\":[{\"@type\":\"SearchAction\",\"target\":{\"@type\":\"EntryPoint\",\"urlTemplate\":\"https:\\\/\\\/www.ro-ra.com\\\/de\\\/?s={search_term_string}\"},\"query-input\":{\"@type\":\"PropertyValueSpecification\",\"valueRequired\":true,\"valueName\":\"search_term_string\"}}],\"inLanguage\":\"de\"},{\"@type\":\"Organization\",\"@id\":\"https:\\\/\\\/www.ro-ra.com\\\/de\\\/#organization\",\"name\":\"RO-RA Aviation Systems GmbH\",\"url\":\"https:\\\/\\\/www.ro-ra.com\\\/de\\\/\",\"logo\":{\"@type\":\"ImageObject\",\"inLanguage\":\"de\",\"@id\":\"https:\\\/\\\/www.ro-ra.com\\\/de\\\/#\\\/schema\\\/logo\\\/image\\\/\",\"url\":\"https:\\\/\\\/www.ro-ra.com\\\/wp-content\\\/uploads\\\/2020\\\/07\\\/RO-RA_Logo_RGB_300dpi.jpg\",\"contentUrl\":\"https:\\\/\\\/www.ro-ra.com\\\/wp-content\\\/uploads\\\/2020\\\/07\\\/RO-RA_Logo_RGB_300dpi.jpg\",\"width\":\"1182\",\"height\":\"709\",\"caption\":\"RO-RA Aviation Systems GmbH\"},\"image\":{\"@id\":\"https:\\\/\\\/www.ro-ra.com\\\/de\\\/#\\\/schema\\\/logo\\\/image\\\/\"}}]}<\/script>\n<!-- \/ Yoast SEO plugin. -->","yoast_head_json":{"title":"Qualit\u00e4tsmanagement und Sicherung \u2013 RO-RA Aviation Systems","description":"Wir \u00fcberzeugen unsere Kunden mit einem hohen Qualit\u00e4tsanspruch! Wir verfolgen dieses Qualit\u00e4tsbewusstsein in allen Bereichen.","robots":{"index":"index","follow":"follow","max-snippet":"max-snippet:-1","max-image-preview":"max-image-preview:large","max-video-preview":"max-video-preview:-1"},"canonical":"https:\/\/www.ro-ra.com\/de\/kompetenzen\/qualitaetsmanagement-sicherung\/","og_locale":"de_DE","og_type":"article","og_title":"Qualit\u00e4tsmanagement und Sicherung \u2013 RO-RA Aviation Systems","og_description":"Wir \u00fcberzeugen unsere Kunden mit einem hohen Qualit\u00e4tsanspruch! Wir verfolgen dieses Qualit\u00e4tsbewusstsein in allen Bereichen.","og_url":"https:\/\/www.ro-ra.com\/de\/kompetenzen\/qualitaetsmanagement-sicherung\/","og_site_name":"RO-RA Aviation Systems","article_modified_time":"2020-10-28T10:38:44+00:00","twitter_card":"summary_large_image","twitter_misc":{"Gesch\u00e4tzte Lesezeit":"2\u00a0Minuten"},"schema":{"@context":"https:\/\/schema.org","@graph":[{"@type":"WebPage","@id":"https:\/\/www.ro-ra.com\/de\/kompetenzen\/qualitaetsmanagement-sicherung\/","url":"https:\/\/www.ro-ra.com\/de\/kompetenzen\/qualitaetsmanagement-sicherung\/","name":"Qualit\u00e4tsmanagement und Sicherung \u2013 RO-RA Aviation Systems","isPartOf":{"@id":"https:\/\/www.ro-ra.com\/de\/#website"},"datePublished":"2020-08-17T10:42:55+00:00","dateModified":"2020-10-28T10:38:44+00:00","description":"Wir \u00fcberzeugen unsere Kunden mit einem hohen Qualit\u00e4tsanspruch! Wir verfolgen dieses Qualit\u00e4tsbewusstsein in allen Bereichen.","breadcrumb":{"@id":"https:\/\/www.ro-ra.com\/de\/kompetenzen\/qualitaetsmanagement-sicherung\/#breadcrumb"},"inLanguage":"de","potentialAction":[{"@type":"ReadAction","target":["https:\/\/www.ro-ra.com\/de\/kompetenzen\/qualitaetsmanagement-sicherung\/"]}]},{"@type":"BreadcrumbList","@id":"https:\/\/www.ro-ra.com\/de\/kompetenzen\/qualitaetsmanagement-sicherung\/#breadcrumb","itemListElement":[{"@type":"ListItem","position":1,"name":"Startseite","item":"https:\/\/www.ro-ra.com\/de\/"},{"@type":"ListItem","position":2,"name":"Kompetenzen","item":"https:\/\/www.ro-ra.com\/de\/kompetenzen\/"},{"@type":"ListItem","position":3,"name":"Qualit\u00e4tsmanagement &#038; Sicherung"}]},{"@type":"WebSite","@id":"https:\/\/www.ro-ra.com\/de\/#website","url":"https:\/\/www.ro-ra.com\/de\/","name":"RO-RA Aviation Systems","description":"Solutions through precision.","publisher":{"@id":"https:\/\/www.ro-ra.com\/de\/#organization"},"potentialAction":[{"@type":"SearchAction","target":{"@type":"EntryPoint","urlTemplate":"https:\/\/www.ro-ra.com\/de\/?s={search_term_string}"},"query-input":{"@type":"PropertyValueSpecification","valueRequired":true,"valueName":"search_term_string"}}],"inLanguage":"de"},{"@type":"Organization","@id":"https:\/\/www.ro-ra.com\/de\/#organization","name":"RO-RA Aviation Systems GmbH","url":"https:\/\/www.ro-ra.com\/de\/","logo":{"@type":"ImageObject","inLanguage":"de","@id":"https:\/\/www.ro-ra.com\/de\/#\/schema\/logo\/image\/","url":"https:\/\/www.ro-ra.com\/wp-content\/uploads\/2020\/07\/RO-RA_Logo_RGB_300dpi.jpg","contentUrl":"https:\/\/www.ro-ra.com\/wp-content\/uploads\/2020\/07\/RO-RA_Logo_RGB_300dpi.jpg","width":"1182","height":"709","caption":"RO-RA Aviation Systems GmbH"},"image":{"@id":"https:\/\/www.ro-ra.com\/de\/#\/schema\/logo\/image\/"}}]}},"_links":{"self":[{"href":"https:\/\/www.ro-ra.com\/de\/wp-json\/wp\/v2\/pages\/1139","targetHints":{"allow":["GET"]}}],"collection":[{"href":"https:\/\/www.ro-ra.com\/de\/wp-json\/wp\/v2\/pages"}],"about":[{"href":"https:\/\/www.ro-ra.com\/de\/wp-json\/wp\/v2\/types\/page"}],"author":[{"embeddable":true,"href":"https:\/\/www.ro-ra.com\/de\/wp-json\/wp\/v2\/users\/3"}],"replies":[{"embeddable":true,"href":"https:\/\/www.ro-ra.com\/de\/wp-json\/wp\/v2\/comments?post=1139"}],"version-history":[{"count":0,"href":"https:\/\/www.ro-ra.com\/de\/wp-json\/wp\/v2\/pages\/1139\/revisions"}],"up":[{"embeddable":true,"href":"https:\/\/www.ro-ra.com\/de\/wp-json\/wp\/v2\/pages\/27"}],"wp:attachment":[{"href":"https:\/\/www.ro-ra.com\/de\/wp-json\/wp\/v2\/media?parent=1139"}],"curies":[{"name":"wp","href":"https:\/\/api.w.org\/{rel}","templated":true}]}}