{"id":1128,"date":"2020-08-11T11:43:29","date_gmt":"2020-08-11T09:43:29","guid":{"rendered":"https:\/\/www.ro-ra.com\/?page_id=1128"},"modified":"2023-05-16T09:48:44","modified_gmt":"2023-05-16T07:48:44","slug":"moderne-fertigung","status":"publish","type":"page","link":"https:\/\/www.ro-ra.com\/de\/kompetenzen\/moderne-fertigung\/","title":{"rendered":"Moderne Fertigung"},"content":{"rendered":"<div class=\"wpb-content-wrapper\"><p>[vc_row][vc_column][vc_column_text]<\/p>\n<h1 style=\"text-align: center;\">Moderne Fertigung von Flugzeugkomponenten<\/h1>\n<p>[\/vc_column_text][\/vc_column][\/vc_row][vc_row][vc_column width=&#8220;1\/3&#8243;]<div class=\"stats-block stats-top  \"><div class=\"aio-icon-top\"><div class=\"ult-just-icon-wrapper  \"><div class=\"align-icon\" style=\"text-align:center;\"><\/div><\/div><\/div><div class=\"stats-desc\" id=\"counter-responsv-wrap-1464\"><div id=\"counter_110201064369e5df8a72335\" data-id=\"counter_110201064369e5df8a72335\"  data-ultimate-target='#counter-responsv-wrap-1464 .stats-number'  data-responsive-json-new='{\"font-size\":\"desktop:60px;\",\"line-height\":\"\"}'  class=\"stats-number ult-responsive\" style=\"  \" data-speed=\"3\" data-counter-value=\"30\" data-separator=\",\" data-decimal=\".\">0<\/div><div id=\"title-counter_110201064369e5df8a72335\"  data-ultimate-target='#counter-responsv-wrap-1464 .stats-text'  data-responsive-json-new='{\"font-size\":\"\",\"line-height\":\"\"}'  class=\"stats-text ult-responsive\" style=\"font-size:18px;  \">Fr\u00e4s- und Drehzentren<\/div><\/div><\/div>[\/vc_column][vc_column width=&#8220;1\/3&#8243;]<div class=\"stats-block stats-top  \"><div class=\"aio-icon-top\"><div class=\"ult-just-icon-wrapper  \"><div class=\"align-icon\" style=\"text-align:center;\"><\/div><\/div><\/div><div class=\"stats-desc\" id=\"counter-responsv-wrap-1819\"><div id=\"counter_67875633069e5df8a723d9\" data-id=\"counter_67875633069e5df8a723d9\"  data-ultimate-target='#counter-responsv-wrap-1819 .stats-number'  data-responsive-json-new='{\"font-size\":\"desktop:60px;\",\"line-height\":\"\"}'  class=\"stats-number ult-responsive\" style=\" color:#0054a5; color:#0054a5;\" data-speed=\"3\" data-counter-value=\"7\" data-separator=\",\" data-decimal=\".\">0<\/div><div id=\"title-counter_67875633069e5df8a723d9\"  data-ultimate-target='#counter-responsv-wrap-1819 .stats-text'  data-responsive-json-new='{\"font-size\":\"\",\"line-height\":\"\"}'  class=\"stats-text ult-responsive\" style=\"font-size:18px; color:#0054a5; \">Roboterstationen<\/div><\/div><\/div>[\/vc_column][vc_column width=&#8220;1\/3&#8243;]<div class=\"stats-block stats-top  \"><div class=\"aio-icon-top\"><div class=\"ult-just-icon-wrapper  \"><div class=\"align-icon\" style=\"text-align:center;\"><\/div><\/div><\/div><div class=\"stats-desc\" id=\"counter-responsv-wrap-3845\"><div id=\"counter_388300433769e5df8a72463\" data-id=\"counter_388300433769e5df8a72463\"  data-ultimate-target='#counter-responsv-wrap-3845 .stats-number'  data-responsive-json-new='{\"font-size\":\"desktop:60px;\",\"line-height\":\"\"}'  class=\"stats-number ult-responsive\" style=\" color:#0091d1; color:#0091d1;\" data-speed=\"3\" data-counter-value=\"95\" data-separator=\",\" data-decimal=\".\">0<\/div><div class=\"counter_suffix mycust ult-responsive\"  data-ultimate-target='#counter-responsv-wrap-3845 .mycust'  data-responsive-json-new='{\"font-size\":\"\",\"line-height\":\"\"}'  style=\" color:#0091d1\">%<\/div><div id=\"title-counter_388300433769e5df8a72463\"  data-ultimate-target='#counter-responsv-wrap-3845 .stats-text'  data-responsive-json-new='{\"font-size\":\"\",\"line-height\":\"\"}'  class=\"stats-text ult-responsive\" style=\"font-size:18px; color:#0091d1; \">Automation<\/div><\/div><\/div>[\/vc_column][\/vc_row][vc_row type=&#8220;vc_default&#8220; gap=&#8220;30&#8243;][vc_column][vc_column_text]<\/p>\n<h2 style=\"text-align: center;\">Unser hochmoderner Maschinenpark<\/h2>\n<h3 style=\"text-align: center;\">RO-RA \u00fcbernimmt die Vorreiterrolle in der Luftfahrtindustrie!<\/h3>\n<p>[\/vc_column_text][vc_column_text]<\/p>\n<p style=\"text-align: left;\">Unser Maschinenpark umfasst hochmoderne Dreh- und Fr\u00e4sanlagen. Mit unseren Drehzentren verarbeiten wir aktuell Werkst\u00fccke bis zu 300mm Durchmesser mit hoher Effizienz und Genauigkeit. Unsere 5-Achs Fr\u00e4szentren bearbeiten Zuschnitte bis maximal 850mm x 700mm x 500mm. Neben der Zerspanung von rostfreiem Stahl und Aluminium haben wir uns dank langj\u00e4hriger Erfahrung auf die Zerspanung von hochfesten Nickelbasis Legierungen spezialisiert. Durch die simultane Bearbeitung k\u00f6nnen hochkomplexe Formen und Verzahnungen mit hoher Ma\u00dfgenauigkeit gefertigt werden.<\/p>\n<p>[\/vc_column_text][vc_row_inner gap=&#8220;30&#8243; css=&#8220;.vc_custom_1594381676209{margin-bottom: 80px !important;}&#8220;][vc_column_inner width=&#8220;1\/2&#8243;][vc_single_image image=&#8220;1323&#8243; img_size=&#8220;full&#8220; css_animation=&#8220;fadeInLeftBig&#8220;][\/vc_column_inner][vc_column_inner width=&#8220;1\/2&#8243;][vc_single_image image=&#8220;1319&#8243; img_size=&#8220;full&#8220; css_animation=&#8220;fadeInRightBig&#8220;][\/vc_column_inner][\/vc_row_inner][\/vc_column][\/vc_row][vc_row][vc_column][vc_column_text]<\/p>\n<h2 style=\"text-align: center;\">Digitalisierung und Automation in der Fertigung<\/h2>\n<p>[\/vc_column_text][vc_row_inner el_class=&#8220;special-image-left&#8220;][vc_column_inner][vc_single_image image=&#8220;1358&#8243; img_size=&#8220;full&#8220;][vc_column_text]Die Automation bei allen unseren Anlagen erm\u00f6glicht eine kosteneffiziente Fertigung und Flexibilit\u00e4t. Die Automationen sind flexible Einheiten, die teils selbst entwickelt und im Hause programmiert werden. Dadurch haben wir die Kompetenz, das bestm\u00f6gliche Fertigungskonzept f\u00fcr unsere Kunden zu industrialisieren und zu serialisieren.<\/p>\n<p>Durch die hochmodernen Bearbeitungszentren sind wir in der Lage, Maschinendaten auszulesen, zu erfassen und zu analysieren, sodass wir alle Ressourcen (beispielsweise Werkzeuge) effizient und nachhaltig nutzen und unsere Produktionen st\u00e4tig optimieren k\u00f6nnen.[\/vc_column_text][\/vc_column_inner][\/vc_row_inner][\/vc_column][\/vc_row][vc_row type=&#8220;vc_default&#8220; full_width=&#8220;stretch_row&#8220; el_class=&#8220;blue-box&#8220; css=&#8220;.vc_custom_1594383105979{margin-top: 80px !important;margin-bottom: 80px !important;}&#8220;][vc_column][vc_column_text css=&#8220;.vc_custom_1602165538797{margin-bottom: 80px !important;}&#8220;]<\/p>\n<h2 style=\"text-align: center;\">Rundknetverfahren bei Fertigung von Zug- Druckstangen<\/h2>\n<h4 style=\"text-align: center;\">Geringeres Gewicht mit deutlich h\u00f6herer Festigkeit<\/h4>\n<p>[\/vc_column_text][vc_row_inner gap=&#8220;30&#8243; css=&#8220;.vc_custom_1594381676209{margin-bottom: 80px !important;}&#8220;][vc_column_inner width=&#8220;1\/2&#8243;][vc_column_text]<\/p>\n<p style=\"text-align: left;\">F\u00fcr die Herstellung von Zug- Druckstangen wenden wir das Rundknetverfahren an. Ein entscheidender Vorteil bei dieser Technologie ist, dass es sich um ein Kaltumformverfahren handelt, welches einen durchg\u00e4ngigen Faserverlauf im Werkst\u00fcck erm\u00f6glicht. Die Bauteile weisen, getreu dem Leichtbaugedanken, bei geringerem Gewicht deutliche h\u00f6here Festigkeiten auf als konventionell gefertigte Zug- und Druckstangen.<\/p>\n<p>[\/vc_column_text][\/vc_column_inner][vc_column_inner width=&#8220;1\/2&#8243;][vc_single_image image=&#8220;1317&#8243; img_size=&#8220;full&#8220; alignment=&#8220;center&#8220; css_animation=&#8220;fadeInRight&#8220;][\/vc_column_inner][\/vc_row_inner][\/vc_column][\/vc_row][vc_row type=&#8220;vc_default&#8220; gap=&#8220;30&#8243;][vc_column css=&#8220;.vc_custom_1594737801613{margin-top: 80px !important;margin-bottom: 80px !important;}&#8220;][vc_column_text]<\/p>\n<h2 style=\"text-align: center;\">Automatisierte Montaget\u00e4tigkeiten bei RO-RA<\/h2>\n<p>[\/vc_column_text][vc_row_inner gap=&#8220;30&#8243; css=&#8220;.vc_custom_1594381676209{margin-bottom: 80px !important;}&#8220;][vc_column_inner][vc_column_text]Montaget\u00e4tigkeiten werden dank kollaborativer Automationszellen optimiert und erm\u00f6glichen konkurrenzf\u00e4hige Prozesse. Wesentliche Montageprozesse \u2013 wie Verklebungen, Oberfl\u00e4chenapplikationen, uva. sind von unseren Kunden entsprechend der Normen zugelassen.[\/vc_column_text][vc_single_image image=&#8220;1315&#8243; img_size=&#8220;full&#8220; alignment=&#8220;center&#8220; css_animation=&#8220;none&#8220;][\/vc_column_inner][\/vc_row_inner][\/vc_column][\/vc_row][vc_row][vc_column][vc_separator color=&#8220;black&#8220;][\/vc_column][\/vc_row][vc_row animation=&#8220;fadeInUp&#8220; el_class=&#8220;portfolio-buttons&#8220;][vc_column][vc_column_text]<\/p>\n<h2 style=\"text-align: center;\">Weitere Kompetenzen von RO-RA<\/h2>\n<p>[\/vc_column_text][vc_masonry_grid post_type=&#8220;dt_portfolio&#8220; max_items=&#8220;10&#8243; orderby=&#8220;menu_order&#8220; item=&#8220;2178&#8243; grid_id=&#8220;vc_gid:1684223310382-bd18ccde-512d-6&#8243; exclude=&#8220;282, 2238&#8243; el_class=&#8220;portfolio-list&#8220;][\/vc_column][\/vc_row]<\/p>\n<\/div>","protected":false},"excerpt":{"rendered":"<p>[vc_row][vc_column][vc_column_text] Moderne Fertigung von Flugzeugkomponenten [\/vc_column_text][\/vc_column][\/vc_row][vc_row][vc_column width=&#8220;1\/3&#8243;][\/vc_column][vc_column width=&#8220;1\/3&#8243;][\/vc_column][vc_column width=&#8220;1\/3&#8243;][\/vc_column][\/vc_row][vc_row type=&#8220;vc_default&#8220; gap=&#8220;30&#8243;][vc_column][vc_column_text] Unser hochmoderner Maschinenpark RO-RA \u00fcbernimmt die Vorreiterrolle in der Luftfahrtindustrie! [\/vc_column_text][vc_column_text] Unser Maschinenpark umfasst hochmoderne Dreh- und Fr\u00e4sanlagen. Mit unseren Drehzentren verarbeiten wir aktuell Werkst\u00fccke bis zu 300mm Durchmesser mit hoher Effizienz und Genauigkeit. Unsere 5-Achs Fr\u00e4szentren bearbeiten Zuschnitte bis maximal 850mm x 700mm&hellip;<\/p>\n","protected":false},"author":3,"featured_media":0,"parent":27,"menu_order":20,"comment_status":"closed","ping_status":"closed","template":"","meta":{"inline_featured_image":false,"footnotes":""},"class_list":["post-1128","page","type-page","status-publish","hentry","description-off"],"yoast_head":"<!-- This site is optimized with the Yoast SEO plugin v27.4 - https:\/\/yoast.com\/product\/yoast-seo-wordpress\/ -->\n<title>Moderne Fertigung \u2013 RO-RA Aviation Systems<\/title>\n<meta name=\"description\" content=\"Unser hochmoderner Maschinenpark hat einiges zu bieten. In unseren automatisierten Dreh- und Fr\u00e4szentren fertigen wir Komponenten f\u00fcr die Luftfahrt.\" \/>\n<meta name=\"robots\" content=\"index, follow, max-snippet:-1, max-image-preview:large, max-video-preview:-1\" \/>\n<link rel=\"canonical\" href=\"https:\/\/www.ro-ra.com\/de\/kompetenzen\/moderne-fertigung\/\" \/>\n<meta property=\"og:locale\" content=\"de_DE\" \/>\n<meta property=\"og:type\" content=\"article\" \/>\n<meta property=\"og:title\" content=\"Moderne Fertigung \u2013 RO-RA Aviation Systems\" \/>\n<meta property=\"og:description\" content=\"Unser hochmoderner Maschinenpark hat einiges zu bieten. In unseren automatisierten Dreh- und Fr\u00e4szentren fertigen wir Komponenten f\u00fcr die Luftfahrt.\" \/>\n<meta property=\"og:url\" content=\"https:\/\/www.ro-ra.com\/de\/kompetenzen\/moderne-fertigung\/\" \/>\n<meta property=\"og:site_name\" content=\"RO-RA Aviation Systems\" \/>\n<meta property=\"article:modified_time\" content=\"2023-05-16T07:48:44+00:00\" \/>\n<meta name=\"twitter:card\" content=\"summary_large_image\" \/>\n<meta name=\"twitter:label1\" content=\"Gesch\u00e4tzte Lesezeit\" \/>\n\t<meta name=\"twitter:data1\" content=\"2\u00a0Minuten\" \/>\n<script type=\"application\/ld+json\" class=\"yoast-schema-graph\">{\"@context\":\"https:\\\/\\\/schema.org\",\"@graph\":[{\"@type\":\"WebPage\",\"@id\":\"https:\\\/\\\/www.ro-ra.com\\\/de\\\/kompetenzen\\\/moderne-fertigung\\\/\",\"url\":\"https:\\\/\\\/www.ro-ra.com\\\/de\\\/kompetenzen\\\/moderne-fertigung\\\/\",\"name\":\"Moderne Fertigung \u2013 RO-RA Aviation Systems\",\"isPartOf\":{\"@id\":\"https:\\\/\\\/www.ro-ra.com\\\/de\\\/#website\"},\"datePublished\":\"2020-08-11T09:43:29+00:00\",\"dateModified\":\"2023-05-16T07:48:44+00:00\",\"description\":\"Unser hochmoderner Maschinenpark hat einiges zu bieten. In unseren automatisierten Dreh- und Fr\u00e4szentren fertigen wir Komponenten f\u00fcr die Luftfahrt.\",\"breadcrumb\":{\"@id\":\"https:\\\/\\\/www.ro-ra.com\\\/de\\\/kompetenzen\\\/moderne-fertigung\\\/#breadcrumb\"},\"inLanguage\":\"de\",\"potentialAction\":[{\"@type\":\"ReadAction\",\"target\":[\"https:\\\/\\\/www.ro-ra.com\\\/de\\\/kompetenzen\\\/moderne-fertigung\\\/\"]}]},{\"@type\":\"BreadcrumbList\",\"@id\":\"https:\\\/\\\/www.ro-ra.com\\\/de\\\/kompetenzen\\\/moderne-fertigung\\\/#breadcrumb\",\"itemListElement\":[{\"@type\":\"ListItem\",\"position\":1,\"name\":\"Startseite\",\"item\":\"https:\\\/\\\/www.ro-ra.com\\\/de\\\/\"},{\"@type\":\"ListItem\",\"position\":2,\"name\":\"Kompetenzen\",\"item\":\"https:\\\/\\\/www.ro-ra.com\\\/de\\\/kompetenzen\\\/\"},{\"@type\":\"ListItem\",\"position\":3,\"name\":\"Moderne Fertigung\"}]},{\"@type\":\"WebSite\",\"@id\":\"https:\\\/\\\/www.ro-ra.com\\\/de\\\/#website\",\"url\":\"https:\\\/\\\/www.ro-ra.com\\\/de\\\/\",\"name\":\"RO-RA Aviation Systems\",\"description\":\"Solutions through precision.\",\"publisher\":{\"@id\":\"https:\\\/\\\/www.ro-ra.com\\\/de\\\/#organization\"},\"potentialAction\":[{\"@type\":\"SearchAction\",\"target\":{\"@type\":\"EntryPoint\",\"urlTemplate\":\"https:\\\/\\\/www.ro-ra.com\\\/de\\\/?s={search_term_string}\"},\"query-input\":{\"@type\":\"PropertyValueSpecification\",\"valueRequired\":true,\"valueName\":\"search_term_string\"}}],\"inLanguage\":\"de\"},{\"@type\":\"Organization\",\"@id\":\"https:\\\/\\\/www.ro-ra.com\\\/de\\\/#organization\",\"name\":\"RO-RA Aviation Systems GmbH\",\"url\":\"https:\\\/\\\/www.ro-ra.com\\\/de\\\/\",\"logo\":{\"@type\":\"ImageObject\",\"inLanguage\":\"de\",\"@id\":\"https:\\\/\\\/www.ro-ra.com\\\/de\\\/#\\\/schema\\\/logo\\\/image\\\/\",\"url\":\"https:\\\/\\\/www.ro-ra.com\\\/wp-content\\\/uploads\\\/2020\\\/07\\\/RO-RA_Logo_RGB_300dpi.jpg\",\"contentUrl\":\"https:\\\/\\\/www.ro-ra.com\\\/wp-content\\\/uploads\\\/2020\\\/07\\\/RO-RA_Logo_RGB_300dpi.jpg\",\"width\":\"1182\",\"height\":\"709\",\"caption\":\"RO-RA Aviation Systems GmbH\"},\"image\":{\"@id\":\"https:\\\/\\\/www.ro-ra.com\\\/de\\\/#\\\/schema\\\/logo\\\/image\\\/\"}}]}<\/script>\n<!-- \/ Yoast SEO plugin. -->","yoast_head_json":{"title":"Moderne Fertigung \u2013 RO-RA Aviation Systems","description":"Unser hochmoderner Maschinenpark hat einiges zu bieten. In unseren automatisierten Dreh- und Fr\u00e4szentren fertigen wir Komponenten f\u00fcr die Luftfahrt.","robots":{"index":"index","follow":"follow","max-snippet":"max-snippet:-1","max-image-preview":"max-image-preview:large","max-video-preview":"max-video-preview:-1"},"canonical":"https:\/\/www.ro-ra.com\/de\/kompetenzen\/moderne-fertigung\/","og_locale":"de_DE","og_type":"article","og_title":"Moderne Fertigung \u2013 RO-RA Aviation Systems","og_description":"Unser hochmoderner Maschinenpark hat einiges zu bieten. In unseren automatisierten Dreh- und Fr\u00e4szentren fertigen wir Komponenten f\u00fcr die Luftfahrt.","og_url":"https:\/\/www.ro-ra.com\/de\/kompetenzen\/moderne-fertigung\/","og_site_name":"RO-RA Aviation Systems","article_modified_time":"2023-05-16T07:48:44+00:00","twitter_card":"summary_large_image","twitter_misc":{"Gesch\u00e4tzte Lesezeit":"2\u00a0Minuten"},"schema":{"@context":"https:\/\/schema.org","@graph":[{"@type":"WebPage","@id":"https:\/\/www.ro-ra.com\/de\/kompetenzen\/moderne-fertigung\/","url":"https:\/\/www.ro-ra.com\/de\/kompetenzen\/moderne-fertigung\/","name":"Moderne Fertigung \u2013 RO-RA Aviation Systems","isPartOf":{"@id":"https:\/\/www.ro-ra.com\/de\/#website"},"datePublished":"2020-08-11T09:43:29+00:00","dateModified":"2023-05-16T07:48:44+00:00","description":"Unser hochmoderner Maschinenpark hat einiges zu bieten. In unseren automatisierten Dreh- und Fr\u00e4szentren fertigen wir Komponenten f\u00fcr die Luftfahrt.","breadcrumb":{"@id":"https:\/\/www.ro-ra.com\/de\/kompetenzen\/moderne-fertigung\/#breadcrumb"},"inLanguage":"de","potentialAction":[{"@type":"ReadAction","target":["https:\/\/www.ro-ra.com\/de\/kompetenzen\/moderne-fertigung\/"]}]},{"@type":"BreadcrumbList","@id":"https:\/\/www.ro-ra.com\/de\/kompetenzen\/moderne-fertigung\/#breadcrumb","itemListElement":[{"@type":"ListItem","position":1,"name":"Startseite","item":"https:\/\/www.ro-ra.com\/de\/"},{"@type":"ListItem","position":2,"name":"Kompetenzen","item":"https:\/\/www.ro-ra.com\/de\/kompetenzen\/"},{"@type":"ListItem","position":3,"name":"Moderne Fertigung"}]},{"@type":"WebSite","@id":"https:\/\/www.ro-ra.com\/de\/#website","url":"https:\/\/www.ro-ra.com\/de\/","name":"RO-RA Aviation Systems","description":"Solutions through precision.","publisher":{"@id":"https:\/\/www.ro-ra.com\/de\/#organization"},"potentialAction":[{"@type":"SearchAction","target":{"@type":"EntryPoint","urlTemplate":"https:\/\/www.ro-ra.com\/de\/?s={search_term_string}"},"query-input":{"@type":"PropertyValueSpecification","valueRequired":true,"valueName":"search_term_string"}}],"inLanguage":"de"},{"@type":"Organization","@id":"https:\/\/www.ro-ra.com\/de\/#organization","name":"RO-RA Aviation Systems GmbH","url":"https:\/\/www.ro-ra.com\/de\/","logo":{"@type":"ImageObject","inLanguage":"de","@id":"https:\/\/www.ro-ra.com\/de\/#\/schema\/logo\/image\/","url":"https:\/\/www.ro-ra.com\/wp-content\/uploads\/2020\/07\/RO-RA_Logo_RGB_300dpi.jpg","contentUrl":"https:\/\/www.ro-ra.com\/wp-content\/uploads\/2020\/07\/RO-RA_Logo_RGB_300dpi.jpg","width":"1182","height":"709","caption":"RO-RA Aviation Systems GmbH"},"image":{"@id":"https:\/\/www.ro-ra.com\/de\/#\/schema\/logo\/image\/"}}]}},"_links":{"self":[{"href":"https:\/\/www.ro-ra.com\/de\/wp-json\/wp\/v2\/pages\/1128","targetHints":{"allow":["GET"]}}],"collection":[{"href":"https:\/\/www.ro-ra.com\/de\/wp-json\/wp\/v2\/pages"}],"about":[{"href":"https:\/\/www.ro-ra.com\/de\/wp-json\/wp\/v2\/types\/page"}],"author":[{"embeddable":true,"href":"https:\/\/www.ro-ra.com\/de\/wp-json\/wp\/v2\/users\/3"}],"replies":[{"embeddable":true,"href":"https:\/\/www.ro-ra.com\/de\/wp-json\/wp\/v2\/comments?post=1128"}],"version-history":[{"count":0,"href":"https:\/\/www.ro-ra.com\/de\/wp-json\/wp\/v2\/pages\/1128\/revisions"}],"up":[{"embeddable":true,"href":"https:\/\/www.ro-ra.com\/de\/wp-json\/wp\/v2\/pages\/27"}],"wp:attachment":[{"href":"https:\/\/www.ro-ra.com\/de\/wp-json\/wp\/v2\/media?parent=1128"}],"curies":[{"name":"wp","href":"https:\/\/api.w.org\/{rel}","templated":true}]}}